{"id":517,"date":"2019-10-24T15:49:21","date_gmt":"2019-10-24T13:49:21","guid":{"rendered":"https:\/\/sbam.io\/?page_id=517"},"modified":"2019-10-24T15:49:50","modified_gmt":"2019-10-24T13:49:50","slug":"cookie","status":"publish","type":"page","link":"https:\/\/sbam.io\/it\/cookie\/","title":{"rendered":"Cookie Policy"},"content":{"rendered":"<p class=\"h2\">Cosa sono i cookie<\/p>\n<p>I cookie sono dei piccoli file di testo che vengono memorizzati sul device dell\u2019utente durante la navigazione e\tsvolgono varie funzioni come ricordare i dati del login ai servizi, raccogliere informazioni statistiche sulle\tpagine visitate, identificare il browser e il dispositivo utilizzati, selezionare contenuti e comunicazioni mirati a\tseconda delle proprie preferenze e altro ancora.<\/p>\n<p>I cookie possono essere di vario tipo, a seconda della tipologia di dati che memorizzano e di quanto tempo restano\tmemorizzati sul dispositivo dell\u2019utente.<\/p>\n<p>I <b>cookie di sessione o temporanei<\/b> sono quelli che scadono o vengono cancellati alla chiusura del browser, mentre\tquelli <b>persistenti<\/b> hanno scadenze pi\u00f9 lunghe (da pochi minuti a mesi interi) a seconda delle funzioni che svolgono.\tSono proprio queste funzioni che distinguono i cookie in <b>due categorie<\/b>: tecnici e non tecnici (o di profilazione).\t<\/p>\n<p><b>I cookie tecnici<\/b> gestiscono i dati necessari all\u2019erogazione delle pagine e facilitano la navigazione,\tpermettendo, ad esempio, di non dover reinserire user e password per accedere a particolari servizi, di ricordare\tl\u2019ultima pagina visitata o fino a che punto si \u00e8 visto un video, di riconoscere il tipo di dispositivo in uso e di\tadattare le dimensioni delle immagini di conseguenza. I cookie tecnici consentono inoltre di effettuare analisi\tstatistiche aggregate sulle pagine pi\u00f9 visitate e sulle preferenze degli utenti, ma solo in forma anonima, e non\tvengono utilizzati per analizzare il comportamento o le preferenze dei singoli utenti.<\/p>\n<p><b>I cookie di profilazione<\/b>, invece, vengono utilizzati per analizzare gli interessi e le abitudini di navigazione\tdei singoli utenti, per personalizzarne la navigazione ed erogare, ad esempio, contenuti, anche pubblicitari, mirati\ta particolari interessi.<\/p>\n<p>I cookie possono essere erogati direttamente dal gestore del sito sul quale si sta navigando o, nel caso\til sito si appoggi a servizi esterni per particolari funzioni, da terzi.<\/p>\n<p>Il sito sbam.io utilizza cookie tecnici e di terze parti, al fine di migliorare l\u2019esperienza sul proprio sito,\tadattandolo, ad esempio, a seconda del browser e del dispositivo in uso.\tSe ti trovi sul sito sbam.io e visualizzi il banner informativo dell\u2019esistenza dei cookie, proseguendo la\tnavigazione sul sito, cliccando su qualsiasi elemento del sito o su un\u2019immagine o anche semplicemente scorrendo la\tpagina o chiudendo il layer informativo cliccando il tasto \u201cOK\u201d, acconsenti all\u2019utilizzo dei cookie descritti in\tquesta informativa e implementati nelle pagine del sito sbam.io.\tE\u2019 possibile disabilitare le funzioni dei cookie direttamente dal browser che si sta utilizzando, secondo le\tistruzioni fornite dai relativi produttori, o utilizzando degli appositi programmi; tuttavia, si ricorda che la\trestrizione della capacit\u00e0 dei siti web di inviare i cookie pu\u00f2 peggiorare l\u2019esperienza di navigazione globale degli\tutenti.<\/p>\n<p>Il consenso alla ricezione dei cookie pu\u00f2 essere espresso anche mediante specifiche configurazioni del browser da\tparte degli utenti. La maggior parte dei browser permette di impostare regole per gestire i cookie inviati solo da\talcuni o da tutti i siti, opzione che offre agli utenti un controllo pi\u00f9 preciso della privacy e di negare la\tpossibilit\u00e0 di ricezione dei cookie stessi, o comunque di modificare le scelte precedentemente effettuate.<\/p>\n<p>Di seguito si indicano agli Utenti i link che spiegano come gestire o disabilitare i cookie per i browser internet\tpi\u00f9 diffusi:<\/p>\n<ul>\n<li><b>Internet Explorer:<\/b> <a href=\"http:\/\/windows.microsoft.com\/it-IT\/internet-explorer\/delete-manage-cookies\" target=\"_blank\" rel=\"noopener noreferrer\">http:\/\/windows.microsoft.com\/it-IT\/internet-explorer\/delete-manage-cookies<\/a><\/li>\n<li><b>Google Chrome:<\/b> <a href=\"https:\/\/support.google.com\/chrome\/answer\/95647\" target=\"_blank\" rel=\"noopener noreferrer\">https:\/\/support.google.com\/chrome\/answer\/95647<\/a><\/li>\n<li><b>Mozilla Firefox:<\/b> <a href=\"http:\/\/support.mozilla.org\/it\/kb\/Gestione%20dei%20cookie\" target=\"_blank\" rel=\"noopener noreferrer\">http:\/\/support.mozilla.org\/it\/kb\/Gestione%20dei%20cookie<\/a><\/li>\n<li><b>Opera:<\/b> <a href=\"http:\/\/help.opera.com\/Windows\/10.00\/it\/cookies.html\" target=\"_blank\" rel=\"noopener noreferrer\">http:\/\/help.opera.com\/Windows\/10.00\/it\/cookies.html<\/a><\/li>\n<li><b>Safari:<\/b> <a href=\"https:\/\/support.apple.com\/kb\/PH19255\" target=\"_blank\" rel=\"noopener noreferrer\">https:\/\/support.apple.com\/kb\/PH19255<\/a><\/li>\n<\/ul>\n<p class=\"h2\">Cookie di terze parti<\/p>\n<p>Durante la navigazione sulle pagine sbam.io, per fini statistici o di condivisione social, potrebbero essere rilasciati cookie gestiti esclusivamente da terze parti.<br \/>Di seguito sono elencate le terze parti coinvolte, i link ai loro siti e i link alle loro politiche di gestione dei cookie, con indicazione delle relative finalit\u00e0.<\/p>\n<p class=\"h3\">Google Analytics<\/p>\n<p>Il sito sbam.io include anche talune componenti trasmesse da Google Analytics, un servizio di analisi del traffico web fornito da Google, Inc. (\u201cGoogle\u201d). Anche in questo caso si tratta di cookie di terze parti raccolti e gestiti in modo anonimo per monitorare e migliorare le prestazioni del sito ospite (performance cookie).<\/p>\n<p>Google Analytics utilizza i &#8220;cookie&#8221; per raccogliere e analizzare in forma aggregata e anonima le informazioni sui comportamenti di utilizzo del sito web sbam.io (compreso l&#8217;indirizzo IP dell&#8217;utente). Tali informazioni vengono raccolte da Google Analytics, che le elabora allo scopo di redigere report per gli operatori del sito sbam.io riguardanti le attivit\u00e0 sul sito web stesso. Questo sito non utilizza (e non consente a terzi di utilizzare) lo strumento di analisi di Google per monitorare o per raccogliere informazioni personali di identificazione. Google non associa l&#8217;indirizzo IP a nessun altro dato posseduto da Google n\u00e9 cerca di collegare un indirizzo IP con l&#8217;identit\u00e0 di un utente. Google pu\u00f2 anche comunicare queste informazioni a terzi ove ci\u00f2 sia imposto dalla legge o laddove tali terzi trattino le suddette informazioni per conto di Google.<\/p>\n<p><b>Dati Personali raccolti:<\/b> Cookie; Dati di utilizzo.<br \/>\t<b>Luogo del trattamento:<\/b> Irlanda \u2013 <a href=\"http:\/\/www.google.com\/policies\/technologies\/cookies\/\" target=\"_blank\" rel=\"noopener noreferrer\">Policy<\/a>.<\/p>\n<p class=\"h3\">Yandex Metrica<\/p>\n<p>Yandex Metrica \u00e8 un servizio di statistica e heat mapping fornito da YANDEX, LLC. Yandex Metrica pu\u00f2 essere utilizzato per individuare quali aree di una pagina sono oggetto del passaggio del cursore o di click del mouse in modo da rilevare quali di esse attraggono il maggior interesse.<\/p>\n<p><b>Dati Personali raccolti:<\/b> Cookie; Dati di utilizzo<br \/>\t<b>Luogo del trattamento:<\/b> Russia \u2013 <a href=\"https:\/\/legal.yandex.com\/confidential\/\" target=\"_blank\" rel=\"noopener noreferrer\">Policy<\/a>.<\/p>\n<p class=\"h2\">Gestione cookies di Targeting ed Advertising Terze parti<\/p>\n<p>Per maggiori informazioni e\/o per disabilitare i cookies di Targeting ed Advertising eventualmente utilizzati, si consiglia all&#8217;utente di visitare il seguente sito web: \t<a href=\"http:\/\/www.youronlinechoices.com\/it\" target=\"_blank\" rel=\"noopener noreferrer\">http:\/\/www.youronlinechoices.com\/it<\/a>. Fermo restando quanto sopra, si rileva che disabilitando i cookies sar\u00e0 ancora possibile utilizzare alcune parti dei nostri siti web, ma alcuni servizi potrebbero non essere utilizzabili.<\/p>\n<p class=\"h2\">Modifiche alla cookie policy<\/p>\n<p>Il Titolare del trattamento si riserva la facolt\u00e0 di apportare delle modifiche alla presente cookie policy. L\u2019utente accetta di essere vincolato a tali eventuali e future revisioni e si impegna, pertanto, a visitare periodicamente questa pagina per essere informato su eventuali variazioni.<\/p>\n<p class=\"h2\">Informativa Privacy<br \/><small>(Art. 13 del Reg. 2016\/679\/UE)<\/small><\/p>\n<p>Si rinvia all&#8217;informativa privacy estesa di cui al seguente link: <a href=\"\/privacy\">https:\/\/sbam.io\/privacy<\/a><\/p>\n<p><b>DIRITTI DEGLI INTERESSATI \u2013  Artt. da 15 a 22 del Reg. 2016\/679\/UE<\/b><\/p>\n<p>Ai sensi degli Artt. da 15 a 22 del Reg. 2016\/679\/UE, l&#8217;interessato ha i seguenti diritti:<br \/>a) diritto di rettifica;<br \/>b) diritto alla cancellazione;<br \/>c) diritto di limitazione di trattamento;<br \/>d) diritto alla portabilit\u00e0 dei dati;<br \/>e) diritto di opporsi in qualsiasi momento al trattamento;<br \/>f) diritto di non essere sottoposto a una decisione basata unicamente sul trattamento automatizzato, compresa la profilazione, che produca effetti giuridici che lo riguardano o che incida in modo analogo significativamente sulla sua persona.<\/p>\n<p>I diritti riferiti ai dati personali concernenti persone decedute, possono essere esercitati da chiunque vi abbia interesse. Nell&#8217;esercizio dei diritti di cui agli Artt. da 15 a 22 del Reg. 2016\/679\/UE, l&#8217;interessato pu\u00f2 conferire, per iscritto, delega o procura a persone fisiche oppure ad associazioni.Le richieste ai sensi degli Artt. da 15 a 22 del Reg. 2016\/679\/UE potranno essere inoltrate al seguente indirizzo email: luca.pezzolla@sbam.io<\/p>\n<!-- AddThis Advanced Settings generic via filter on the_content --><!-- AddThis Share Buttons generic via filter on the_content -->","protected":false},"excerpt":{"rendered":"Cosa sono i cookie I cookie sono dei piccoli file di testo che vengono memorizzati sul device dell\u2019utente durante la navigazione e svolgono varie funzioni come ricordare i dati del login ai servizi, raccogliere informazioni statistiche sulle pagine visitate, identificare il browser e il dispositivo utilizzati, selezionare contenuti e comunicazioni mirati a seconda delle proprie &#8230; <i class=\"d-block d-lg-none mt-1 text-primary text-end\">Read more \u2192<\/i>","protected":false},"author":1,"featured_media":0,"parent":0,"menu_order":0,"comment_status":"closed","ping_status":"closed","template":"","meta":{"_eb_attr":"","footnotes":""},"class_list":["post-517","page","type-page","status-publish","hentry"],"yoast_head":"<!-- This site is optimized with the Yoast SEO plugin v25.6 - https:\/\/yoast.com\/wordpress\/plugins\/seo\/ -->\n<title>Cookie Policy - Sbam - Piattaforma di gestione dati<\/title>\n<meta name=\"description\" content=\"Sbam \u00e8 una piattaforma di gestione dati che monitora le tue attivit\u00e0 di marketing e le rielabora in informazioni utili ad identificare problemi ed applicare le giuste soluzioni alla tua strategia digitale.\" \/>\n<meta name=\"robots\" content=\"index, follow, max-snippet:-1, max-image-preview:large, max-video-preview:-1\" \/>\n<link rel=\"canonical\" href=\"https:\/\/sbam.io\/it\/cookie\/\" \/>\n<meta property=\"og:locale\" content=\"it_IT\" \/>\n<meta property=\"og:type\" content=\"article\" \/>\n<meta property=\"og:title\" content=\"Cookie Policy - Sbam - Piattaforma di gestione dati\" \/>\n<meta property=\"og:description\" content=\"Sbam \u00e8 una piattaforma di gestione dati che monitora le tue attivit\u00e0 di marketing e le rielabora in informazioni utili ad identificare problemi ed applicare le giuste soluzioni alla tua strategia digitale.\" \/>\n<meta property=\"og:url\" content=\"https:\/\/sbam.io\/it\/cookie\/\" \/>\n<meta property=\"og:site_name\" content=\"Sbam\" \/>\n<meta property=\"article:modified_time\" content=\"2019-10-24T13:49:50+00:00\" \/>\n<meta name=\"twitter:card\" content=\"summary_large_image\" \/>\n<meta name=\"twitter:label1\" content=\"Est. reading time\" \/>\n\t<meta name=\"twitter:data1\" content=\"6 minutes\" \/>\n<script type=\"application\/ld+json\" class=\"yoast-schema-graph\">{\"@context\":\"https:\/\/schema.org\",\"@graph\":[{\"@type\":\"WebPage\",\"@id\":\"https:\/\/sbam.io\/it\/cookie\/\",\"url\":\"https:\/\/sbam.io\/it\/cookie\/\",\"name\":\"Cookie Policy - Sbam - Piattaforma di gestione dati\",\"isPartOf\":{\"@id\":\"https:\/\/sbam.io\/it\/#website\"},\"datePublished\":\"2019-10-24T13:49:21+00:00\",\"dateModified\":\"2019-10-24T13:49:50+00:00\",\"description\":\"Sbam \u00e8 una piattaforma di gestione dati che monitora le tue attivit\u00e0 di marketing e le rielabora in informazioni utili ad identificare problemi ed applicare le giuste soluzioni alla tua strategia digitale.\",\"breadcrumb\":{\"@id\":\"https:\/\/sbam.io\/it\/cookie\/#breadcrumb\"},\"inLanguage\":\"it\",\"potentialAction\":[{\"@type\":\"ReadAction\",\"target\":[\"https:\/\/sbam.io\/it\/cookie\/\"]}]},{\"@type\":\"BreadcrumbList\",\"@id\":\"https:\/\/sbam.io\/it\/cookie\/#breadcrumb\",\"itemListElement\":[{\"@type\":\"ListItem\",\"position\":1,\"name\":\"Home\",\"item\":\"https:\/\/sbam.io\/it\/\"},{\"@type\":\"ListItem\",\"position\":2,\"name\":\"Cookie Policy\"}]},{\"@type\":\"WebSite\",\"@id\":\"https:\/\/sbam.io\/it\/#website\",\"url\":\"https:\/\/sbam.io\/it\/\",\"name\":\"Sbam\",\"description\":\"Data management platform\",\"publisher\":{\"@id\":\"https:\/\/sbam.io\/it\/#organization\"},\"potentialAction\":[{\"@type\":\"SearchAction\",\"target\":{\"@type\":\"EntryPoint\",\"urlTemplate\":\"https:\/\/sbam.io\/it\/?s={search_term_string}\"},\"query-input\":{\"@type\":\"PropertyValueSpecification\",\"valueRequired\":true,\"valueName\":\"search_term_string\"}}],\"inLanguage\":\"it\"},{\"@type\":\"Organization\",\"@id\":\"https:\/\/sbam.io\/it\/#organization\",\"name\":\"Sbam - Piattaforma di gestione dati\",\"url\":\"https:\/\/sbam.io\/it\/\",\"logo\":{\"@type\":\"ImageObject\",\"inLanguage\":\"it\",\"@id\":\"https:\/\/sbam.io\/it\/#\/schema\/logo\/image\/\",\"url\":\"https:\/\/sbam.io\/wp-content\/uploads\/2019\/04\/LOGO_colore.png\",\"contentUrl\":\"https:\/\/sbam.io\/wp-content\/uploads\/2019\/04\/LOGO_colore.png\",\"width\":3136,\"height\":536,\"caption\":\"Sbam - Piattaforma di gestione dati\"},\"image\":{\"@id\":\"https:\/\/sbam.io\/it\/#\/schema\/logo\/image\/\"}}]}<\/script>\n<!-- \/ Yoast SEO plugin. -->","yoast_head_json":{"title":"Cookie Policy - Sbam - Piattaforma di gestione dati","description":"Sbam \u00e8 una piattaforma di gestione dati che monitora le tue attivit\u00e0 di marketing e le rielabora in informazioni utili ad identificare problemi ed applicare le giuste soluzioni alla tua strategia digitale.","robots":{"index":"index","follow":"follow","max-snippet":"max-snippet:-1","max-image-preview":"max-image-preview:large","max-video-preview":"max-video-preview:-1"},"canonical":"https:\/\/sbam.io\/it\/cookie\/","og_locale":"it_IT","og_type":"article","og_title":"Cookie Policy - Sbam - Piattaforma di gestione dati","og_description":"Sbam \u00e8 una piattaforma di gestione dati che monitora le tue attivit\u00e0 di marketing e le rielabora in informazioni utili ad identificare problemi ed applicare le giuste soluzioni alla tua strategia digitale.","og_url":"https:\/\/sbam.io\/it\/cookie\/","og_site_name":"Sbam","article_modified_time":"2019-10-24T13:49:50+00:00","twitter_card":"summary_large_image","twitter_misc":{"Est. reading time":"6 minutes"},"schema":{"@context":"https:\/\/schema.org","@graph":[{"@type":"WebPage","@id":"https:\/\/sbam.io\/it\/cookie\/","url":"https:\/\/sbam.io\/it\/cookie\/","name":"Cookie Policy - Sbam - Piattaforma di gestione dati","isPartOf":{"@id":"https:\/\/sbam.io\/it\/#website"},"datePublished":"2019-10-24T13:49:21+00:00","dateModified":"2019-10-24T13:49:50+00:00","description":"Sbam \u00e8 una piattaforma di gestione dati che monitora le tue attivit\u00e0 di marketing e le rielabora in informazioni utili ad identificare problemi ed applicare le giuste soluzioni alla tua strategia digitale.","breadcrumb":{"@id":"https:\/\/sbam.io\/it\/cookie\/#breadcrumb"},"inLanguage":"it","potentialAction":[{"@type":"ReadAction","target":["https:\/\/sbam.io\/it\/cookie\/"]}]},{"@type":"BreadcrumbList","@id":"https:\/\/sbam.io\/it\/cookie\/#breadcrumb","itemListElement":[{"@type":"ListItem","position":1,"name":"Home","item":"https:\/\/sbam.io\/it\/"},{"@type":"ListItem","position":2,"name":"Cookie Policy"}]},{"@type":"WebSite","@id":"https:\/\/sbam.io\/it\/#website","url":"https:\/\/sbam.io\/it\/","name":"Sbam","description":"Data management platform","publisher":{"@id":"https:\/\/sbam.io\/it\/#organization"},"potentialAction":[{"@type":"SearchAction","target":{"@type":"EntryPoint","urlTemplate":"https:\/\/sbam.io\/it\/?s={search_term_string}"},"query-input":{"@type":"PropertyValueSpecification","valueRequired":true,"valueName":"search_term_string"}}],"inLanguage":"it"},{"@type":"Organization","@id":"https:\/\/sbam.io\/it\/#organization","name":"Sbam - Piattaforma di gestione dati","url":"https:\/\/sbam.io\/it\/","logo":{"@type":"ImageObject","inLanguage":"it","@id":"https:\/\/sbam.io\/it\/#\/schema\/logo\/image\/","url":"https:\/\/sbam.io\/wp-content\/uploads\/2019\/04\/LOGO_colore.png","contentUrl":"https:\/\/sbam.io\/wp-content\/uploads\/2019\/04\/LOGO_colore.png","width":3136,"height":536,"caption":"Sbam - Piattaforma di gestione dati"},"image":{"@id":"https:\/\/sbam.io\/it\/#\/schema\/logo\/image\/"}}]}},"_links":{"self":[{"href":"https:\/\/sbam.io\/it\/wp-json\/wp\/v2\/pages\/517","targetHints":{"allow":["GET"]}}],"collection":[{"href":"https:\/\/sbam.io\/it\/wp-json\/wp\/v2\/pages"}],"about":[{"href":"https:\/\/sbam.io\/it\/wp-json\/wp\/v2\/types\/page"}],"author":[{"embeddable":true,"href":"https:\/\/sbam.io\/it\/wp-json\/wp\/v2\/users\/1"}],"replies":[{"embeddable":true,"href":"https:\/\/sbam.io\/it\/wp-json\/wp\/v2\/comments?post=517"}],"version-history":[{"count":1,"href":"https:\/\/sbam.io\/it\/wp-json\/wp\/v2\/pages\/517\/revisions"}],"predecessor-version":[{"id":518,"href":"https:\/\/sbam.io\/it\/wp-json\/wp\/v2\/pages\/517\/revisions\/518"}],"wp:attachment":[{"href":"https:\/\/sbam.io\/it\/wp-json\/wp\/v2\/media?parent=517"}],"curies":[{"name":"wp","href":"https:\/\/api.w.org\/{rel}","templated":true}]}}