{"id":1806,"date":"2022-10-13T15:54:06","date_gmt":"2022-10-13T13:54:06","guid":{"rendered":"https:\/\/sbam.io\/?page_id=1806"},"modified":"2022-10-13T15:54:07","modified_gmt":"2022-10-13T13:54:07","slug":"informativa-newsletter","status":"publish","type":"page","link":"https:\/\/sbam.io\/it\/informativa-newsletter\/","title":{"rendered":"Informativa Newsletter"},"content":{"rendered":"\n<h3 class=\"wp-block-heading\">Titolare del trattamento<\/h3>\n\n\n\n<p><strong>SBAM S.r.l.<\/strong> (di seguito la \u201cSociet\u00e0\u201d o il \u201cTitolare\u201d), con sede legale in Corso Castelfidardo 30\/A, c\/o I3P, 10139, Torino (TO), in qualit\u00e0 di titolare del trattamento, informa l\u2019interessato, ai sensi dell\u2019art. 13 del Regolamento UE 2016\/679 (\u201cGDPR\u201d), in merito al trattamento dei suoi dati personali.<\/p>\n\n\n\n<h3 class=\"wp-block-heading\">1.<strong> <\/strong>Finalit\u00e0 del trattamento<\/h3>\n\n\n\n<p>Il trattamento dei Dati \u00e8 effettuato dalla Societ\u00e0 nello svolgimento delle sue attivit\u00e0. In particolare, i Dati dell\u2019interessato saranno oggetto di trattamento, con strumenti informatici e non, per le seguenti finalit\u00e0:<\/p>\n\n\n\n<ul class=\"wp-block-list\"><li>Invio di newsletter e materiale informativo a mezzo e-mail;<\/li><\/ul>\n\n\n\n<p>Il criterio di liceit\u00e0 per il quale si rende possibile il trattamento \u00e8: <strong>Consenso dell\u2019interessato<\/strong><\/p>\n\n\n\n<p>Il consenso \u00e8 facoltativo. Qualora il soggetto interessato non dovesse esprimere il suo consenso, non sar\u00e0 possibile procedere con l\u2019iscrizione alla newsletter.<\/p>\n\n\n\n<p>Il soggetto interessato pu\u00f2 revocare il consenso al trattamento dati in qualsiasi momento senza pregiudicare la liceit\u00e0 del trattamento basata sul consenso prima della revoca.<\/p>\n\n\n\n<h3 class=\"wp-block-heading\">2. Modalit\u00e0 del Trattamento<\/h3>\n\n\n\n<p>I Dati saranno trattati dalla Societ\u00e0 con sistemi elettronici e cartacei secondo i principi di correttezza, lealt\u00e0 e trasparenza previsti dalla normativa applicabile in materia di protezione dei dati personali e tutelando la riservatezza dell\u2019Interessato tramite misure di sicurezza tecniche e organizzative per garantire un livello di sicurezza adeguato.<\/p>\n\n\n\n<h3 class=\"wp-block-heading\">3. Durata del Trattamento<\/h3>\n\n\n\n<p>I Dati saranno trattati per una durata basata sul seguente criterio: I Dati saranno trattati fino a che l\u2019Interessato non revocher\u00e0 il consenso al trattamento, cancellandosi dalla mailing list.<\/p>\n\n\n\n<h3 class=\"wp-block-heading\">4. Comunicazione, diffusione e trasferimento dei Dati<\/h3>\n\n\n\n<p>I Dati saranno trattati, nei limiti di quanto necessario, dal personale autorizzato, adeguatamente istruito e formato, dal Titolare nonch\u00e9 dal personale dei soggetti terzi che prestano servizi al Titolare ed effettuano trattamenti di Dati per conto e su istruzione di quest\u2019ultimo quali responsabili del trattamento.<\/p>\n\n\n\n<p>In caso di comunicazione dei Dati a terzi, i destinatari potranno essere:<\/p>\n\n\n\n<p>a. Servizi esterni utilizzati per l\u2019invio delle newsletter;<\/p>\n\n\n\n<p>b. Altri responsabili esterni nominati dal Titolare del trattamento.<\/p>\n\n\n\n<h3 class=\"wp-block-heading\">5. Diritti dell\u2019interessato<\/h3>\n\n\n\n<p>L\u2019Interessato potr\u00e0 esercitare, in relazione al trattamento dei dati ivi descritto, i diritti previsti dal GDPR (artt. 15-22), ivi inclusi:<\/p>\n\n\n\n<p>a. ricevere conferma dell\u2019esistenza dei Dati e accedere al loro contenuto (diritti di accesso);<\/p>\n\n\n\n<p>b. aggiornare, modificare e\/o correggere i Dati (diritto di rettifica);<\/p>\n\n\n\n<p>c. chiedere la cancellazione o la limitazione del trattamento dei Dati trattati in violazione di legge compresi quelli di cui non \u00e8 necessaria la conservazione in relazione agli scopi per i quali i Dati sono stati raccolti o altrimenti trattati (diritto all\u2019oblio e diritto alla limitazione);<\/p>\n\n\n\n<p>d. opporsi al trattamento (diritto di opposizione);<\/p>\n\n\n\n<p>e. proporre reclamo all\u2019Autorit\u00e0 di controllo (Garante per la protezione dei dati personali www.garanteprivacy.it) in caso di violazione della disciplina in materia di protezione dei dati personali;<\/p>\n\n\n\n<p>f. ricevere copia in formato elettronico dei Dati che lo riguardano come Interessato, quando tali Dati siano stati resi nel contesto del contratto e chiedere che tali Dati siano trasmessi ad un altro titolare del trattamento (diritto alla portabilit\u00e0 dei dati).<\/p>\n\n\n\n<h3 class=\"wp-block-heading\">6. Dati di contatto del Titolare del trattamento<\/h3>\n\n\n\n<p>Titolare del trattamento dei Suoi dati personali \u00e8 SBAM S.r.l., P.IVA 12080120012<\/p>\n\n\n\n<p>E-mail: <a href=\"mailto:info@sbam.io\">info@sbam.io<\/a><\/p>\n\n\n\n<p>Indirizzo: Corso Castelfidardo 30\/A, c\/o I3P, 10139, Torino (TO)<\/p>\n\n\n\n<h3 class=\"wp-block-heading\">7. Dati di contatto del Responsabile per la Protezione dei Dati Personali (RPD o DPO)<\/h3>\n\n\n\n<p>Il Responsabile per la Protezione dei Dati Personali (RPD o DPO) di SBAM S.r.l. pu\u00f2 essere contattato scrivendo una mail al seguente indirizzo: luca.pezzolla@sbam.io<\/p>\n<!-- AddThis Advanced Settings generic via filter on the_content --><!-- AddThis Share Buttons generic via filter on the_content -->","protected":false},"excerpt":{"rendered":"Titolare del trattamento SBAM S.r.l. (di seguito la \u201cSociet\u00e0\u201d o il \u201cTitolare\u201d), con sede legale in Corso Castelfidardo 30\/A, c\/o I3P, 10139, Torino (TO), in qualit\u00e0 di titolare del trattamento, informa l\u2019interessato, ai sensi dell\u2019art. 13 del Regolamento UE 2016\/679 (\u201cGDPR\u201d), in merito al trattamento dei suoi dati personali. 1. Finalit\u00e0 del trattamento Il trattamento &#8230; <i class=\"d-block d-lg-none mt-1 text-primary text-end\">Read more \u2192<\/i>","protected":false},"author":1,"featured_media":0,"parent":0,"menu_order":0,"comment_status":"closed","ping_status":"closed","template":"","meta":{"_eb_attr":"","footnotes":""},"class_list":["post-1806","page","type-page","status-publish","hentry"],"yoast_head":"<!-- This site is optimized with the Yoast SEO plugin v25.6 - https:\/\/yoast.com\/wordpress\/plugins\/seo\/ -->\n<title>Informativa Newsletter - Sbam - Piattaforma di gestione dati<\/title>\n<meta name=\"description\" content=\"Sbam \u00e8 una piattaforma di gestione dati che monitora le tue attivit\u00e0 di marketing e le rielabora in informazioni utili ad identificare problemi ed applicare le giuste soluzioni alla tua strategia digitale.\" \/>\n<meta name=\"robots\" content=\"index, follow, max-snippet:-1, max-image-preview:large, max-video-preview:-1\" \/>\n<link rel=\"canonical\" href=\"https:\/\/sbam.io\/it\/informativa-newsletter\/\" \/>\n<meta property=\"og:locale\" content=\"it_IT\" \/>\n<meta property=\"og:type\" content=\"article\" \/>\n<meta property=\"og:title\" content=\"Informativa Newsletter - Sbam - Piattaforma di gestione dati\" \/>\n<meta property=\"og:description\" content=\"Sbam \u00e8 una piattaforma di gestione dati che monitora le tue attivit\u00e0 di marketing e le rielabora in informazioni utili ad identificare problemi ed applicare le giuste soluzioni alla tua strategia digitale.\" \/>\n<meta property=\"og:url\" content=\"https:\/\/sbam.io\/it\/informativa-newsletter\/\" \/>\n<meta property=\"og:site_name\" content=\"Sbam\" \/>\n<meta property=\"article:modified_time\" content=\"2022-10-13T13:54:07+00:00\" \/>\n<meta name=\"twitter:card\" content=\"summary_large_image\" \/>\n<meta name=\"twitter:label1\" content=\"Est. reading time\" \/>\n\t<meta name=\"twitter:data1\" content=\"3 minutes\" \/>\n<script type=\"application\/ld+json\" class=\"yoast-schema-graph\">{\"@context\":\"https:\/\/schema.org\",\"@graph\":[{\"@type\":\"WebPage\",\"@id\":\"https:\/\/sbam.io\/it\/informativa-newsletter\/\",\"url\":\"https:\/\/sbam.io\/it\/informativa-newsletter\/\",\"name\":\"Informativa Newsletter - Sbam - Piattaforma di gestione dati\",\"isPartOf\":{\"@id\":\"https:\/\/sbam.io\/it\/#website\"},\"datePublished\":\"2022-10-13T13:54:06+00:00\",\"dateModified\":\"2022-10-13T13:54:07+00:00\",\"description\":\"Sbam \u00e8 una piattaforma di gestione dati che monitora le tue attivit\u00e0 di marketing e le rielabora in informazioni utili ad identificare problemi ed applicare le giuste soluzioni alla tua strategia digitale.\",\"breadcrumb\":{\"@id\":\"https:\/\/sbam.io\/it\/informativa-newsletter\/#breadcrumb\"},\"inLanguage\":\"it\",\"potentialAction\":[{\"@type\":\"ReadAction\",\"target\":[\"https:\/\/sbam.io\/it\/informativa-newsletter\/\"]}]},{\"@type\":\"BreadcrumbList\",\"@id\":\"https:\/\/sbam.io\/it\/informativa-newsletter\/#breadcrumb\",\"itemListElement\":[{\"@type\":\"ListItem\",\"position\":1,\"name\":\"Home\",\"item\":\"https:\/\/sbam.io\/it\/\"},{\"@type\":\"ListItem\",\"position\":2,\"name\":\"Informativa Newsletter\"}]},{\"@type\":\"WebSite\",\"@id\":\"https:\/\/sbam.io\/it\/#website\",\"url\":\"https:\/\/sbam.io\/it\/\",\"name\":\"Sbam\",\"description\":\"Data management platform\",\"publisher\":{\"@id\":\"https:\/\/sbam.io\/it\/#organization\"},\"potentialAction\":[{\"@type\":\"SearchAction\",\"target\":{\"@type\":\"EntryPoint\",\"urlTemplate\":\"https:\/\/sbam.io\/it\/?s={search_term_string}\"},\"query-input\":{\"@type\":\"PropertyValueSpecification\",\"valueRequired\":true,\"valueName\":\"search_term_string\"}}],\"inLanguage\":\"it\"},{\"@type\":\"Organization\",\"@id\":\"https:\/\/sbam.io\/it\/#organization\",\"name\":\"Sbam - Piattaforma di gestione dati\",\"url\":\"https:\/\/sbam.io\/it\/\",\"logo\":{\"@type\":\"ImageObject\",\"inLanguage\":\"it\",\"@id\":\"https:\/\/sbam.io\/it\/#\/schema\/logo\/image\/\",\"url\":\"https:\/\/sbam.io\/wp-content\/uploads\/2019\/04\/LOGO_colore.png\",\"contentUrl\":\"https:\/\/sbam.io\/wp-content\/uploads\/2019\/04\/LOGO_colore.png\",\"width\":3136,\"height\":536,\"caption\":\"Sbam - Piattaforma di gestione dati\"},\"image\":{\"@id\":\"https:\/\/sbam.io\/it\/#\/schema\/logo\/image\/\"}}]}<\/script>\n<!-- \/ Yoast SEO plugin. -->","yoast_head_json":{"title":"Informativa Newsletter - Sbam - Piattaforma di gestione dati","description":"Sbam \u00e8 una piattaforma di gestione dati che monitora le tue attivit\u00e0 di marketing e le rielabora in informazioni utili ad identificare problemi ed applicare le giuste soluzioni alla tua strategia digitale.","robots":{"index":"index","follow":"follow","max-snippet":"max-snippet:-1","max-image-preview":"max-image-preview:large","max-video-preview":"max-video-preview:-1"},"canonical":"https:\/\/sbam.io\/it\/informativa-newsletter\/","og_locale":"it_IT","og_type":"article","og_title":"Informativa Newsletter - Sbam - Piattaforma di gestione dati","og_description":"Sbam \u00e8 una piattaforma di gestione dati che monitora le tue attivit\u00e0 di marketing e le rielabora in informazioni utili ad identificare problemi ed applicare le giuste soluzioni alla tua strategia digitale.","og_url":"https:\/\/sbam.io\/it\/informativa-newsletter\/","og_site_name":"Sbam","article_modified_time":"2022-10-13T13:54:07+00:00","twitter_card":"summary_large_image","twitter_misc":{"Est. reading time":"3 minutes"},"schema":{"@context":"https:\/\/schema.org","@graph":[{"@type":"WebPage","@id":"https:\/\/sbam.io\/it\/informativa-newsletter\/","url":"https:\/\/sbam.io\/it\/informativa-newsletter\/","name":"Informativa Newsletter - Sbam - Piattaforma di gestione dati","isPartOf":{"@id":"https:\/\/sbam.io\/it\/#website"},"datePublished":"2022-10-13T13:54:06+00:00","dateModified":"2022-10-13T13:54:07+00:00","description":"Sbam \u00e8 una piattaforma di gestione dati che monitora le tue attivit\u00e0 di marketing e le rielabora in informazioni utili ad identificare problemi ed applicare le giuste soluzioni alla tua strategia digitale.","breadcrumb":{"@id":"https:\/\/sbam.io\/it\/informativa-newsletter\/#breadcrumb"},"inLanguage":"it","potentialAction":[{"@type":"ReadAction","target":["https:\/\/sbam.io\/it\/informativa-newsletter\/"]}]},{"@type":"BreadcrumbList","@id":"https:\/\/sbam.io\/it\/informativa-newsletter\/#breadcrumb","itemListElement":[{"@type":"ListItem","position":1,"name":"Home","item":"https:\/\/sbam.io\/it\/"},{"@type":"ListItem","position":2,"name":"Informativa Newsletter"}]},{"@type":"WebSite","@id":"https:\/\/sbam.io\/it\/#website","url":"https:\/\/sbam.io\/it\/","name":"Sbam","description":"Data management platform","publisher":{"@id":"https:\/\/sbam.io\/it\/#organization"},"potentialAction":[{"@type":"SearchAction","target":{"@type":"EntryPoint","urlTemplate":"https:\/\/sbam.io\/it\/?s={search_term_string}"},"query-input":{"@type":"PropertyValueSpecification","valueRequired":true,"valueName":"search_term_string"}}],"inLanguage":"it"},{"@type":"Organization","@id":"https:\/\/sbam.io\/it\/#organization","name":"Sbam - Piattaforma di gestione dati","url":"https:\/\/sbam.io\/it\/","logo":{"@type":"ImageObject","inLanguage":"it","@id":"https:\/\/sbam.io\/it\/#\/schema\/logo\/image\/","url":"https:\/\/sbam.io\/wp-content\/uploads\/2019\/04\/LOGO_colore.png","contentUrl":"https:\/\/sbam.io\/wp-content\/uploads\/2019\/04\/LOGO_colore.png","width":3136,"height":536,"caption":"Sbam - Piattaforma di gestione dati"},"image":{"@id":"https:\/\/sbam.io\/it\/#\/schema\/logo\/image\/"}}]}},"_links":{"self":[{"href":"https:\/\/sbam.io\/it\/wp-json\/wp\/v2\/pages\/1806","targetHints":{"allow":["GET"]}}],"collection":[{"href":"https:\/\/sbam.io\/it\/wp-json\/wp\/v2\/pages"}],"about":[{"href":"https:\/\/sbam.io\/it\/wp-json\/wp\/v2\/types\/page"}],"author":[{"embeddable":true,"href":"https:\/\/sbam.io\/it\/wp-json\/wp\/v2\/users\/1"}],"replies":[{"embeddable":true,"href":"https:\/\/sbam.io\/it\/wp-json\/wp\/v2\/comments?post=1806"}],"version-history":[{"count":3,"href":"https:\/\/sbam.io\/it\/wp-json\/wp\/v2\/pages\/1806\/revisions"}],"predecessor-version":[{"id":1809,"href":"https:\/\/sbam.io\/it\/wp-json\/wp\/v2\/pages\/1806\/revisions\/1809"}],"wp:attachment":[{"href":"https:\/\/sbam.io\/it\/wp-json\/wp\/v2\/media?parent=1806"}],"curies":[{"name":"wp","href":"https:\/\/api.w.org\/{rel}","templated":true}]}}