{"id":1292,"date":"2021-02-22T20:13:28","date_gmt":"2021-02-22T19:13:28","guid":{"rendered":"https:\/\/sbam.io\/?page_id=1292"},"modified":"2021-12-06T21:21:44","modified_gmt":"2021-12-06T20:21:44","slug":"obiettivi","status":"publish","type":"page","link":"https:\/\/sbam.io\/it\/obiettivi\/","title":{"rendered":"Obiettivi"},"content":{"rendered":"\n<div class=\"wp-block-getwid-section getwid-section-content-full-width\"><div class=\"wp-block-getwid-section__wrapper getwid-padding-left-none getwid-padding-right-none getwid-margin-left-none getwid-margin-right-none\"><div class=\"wp-block-getwid-section__inner-wrapper\"><div class=\"wp-block-getwid-section__background-holder\"><div class=\"wp-block-getwid-section__background\"><\/div><div class=\"wp-block-getwid-section__foreground\"><\/div><\/div><div class=\"wp-block-getwid-section__content\"><div class=\"wp-block-getwid-section__inner-content\"><div class=\"wp-bootstrap-blocks-container container mb-2\">\n\t\n<div class=\"wp-bootstrap-blocks-row row\">\n\t\n\n<div class=\"col-12 col-sm-12 col-md-12 col-lg-6 col-xl-6\">\n\t\t\t\n\n<figure class=\"wp-block-image size-large is-resized product-logo\"><img loading=\"lazy\" decoding=\"async\" src=\"https:\/\/sbam.io\/wp-content\/uploads\/2021\/02\/icona_obiettivi.png\" alt=\"\" class=\"wp-image-1318\" width=\"150\" height=\"150\" srcset=\"https:\/\/sbam.io\/wp-content\/uploads\/2021\/02\/icona_obiettivi.png 228w, https:\/\/sbam.io\/wp-content\/uploads\/2021\/02\/icona_obiettivi-150x150.png 150w, https:\/\/sbam.io\/wp-content\/uploads\/2021\/02\/icona_obiettivi-120x120.png 120w\" sizes=\"auto, (max-width: 150px) 100vw, 150px\" \/><\/figure>\n\n\n\n<h1 class=\"h5 text-goals font-weight-boldish text-uppercase\">OBIETTIVI<\/h1>\n\n\n\n<div class=\"wp-block-getwid-advanced-heading\"><h1 class=\"wp-block-getwid-advanced-heading__content\">Migliora la tua strategia<br>un obiettivo alla volta<\/h1><\/div>\n\n\n\n<p>Vuoi raggiungere un pubblico pi\u00f9 vasto? <br>Oppure vorresti avere pi\u00f9 visite sul tuo sito? <\/p>\n\n\n\n<p>Inserisci i tuoi obiettivi di marketing, Sbam accorcia le distanze dal tuo traguardo.<\/p>\n\n\n\n<div class=\"wp-block-getwid-advanced-spacer\" style=\"height:20px\" aria-hidden=\"true\"><\/div>\n\n\n<div class=\"wp-bootstrap-blocks-row row\">\n\t\n\n<div class=\"col-12 col-sm-7\">\n\t\t\t\n\n<a href=\"https:\/\/app.sbam.io\/register\" class=\"btn btn-goals mb-2\">Scegli il tuo prossimo obiettivo<\/a>\n\n\n\n<p class=\"has-text-align-left has-small-font-size\">Provalo gratuitamente, <br>nessuna carta di credito richiesta<\/p>\n\n\t<\/div>\n\n\n\n<div class=\"col-12 col-sm-5\">\n\t\t\t\n\n<a href=\"https:\/\/sbam.io\/it\/piani\" class=\"btn btn-outline-primary d-none d-sm-block\">Confronta i piani<\/a>\n\n\t<\/div>\n\n<\/div>\n\n\t<\/div>\n\n\n\n<div class=\"col-12 col-sm-12 col-md-12 col-lg-6 col-xl-6\">\n\t\t\t\n\n<figure class=\"wp-block-image size-large\"><img loading=\"lazy\" decoding=\"async\" width=\"700\" height=\"511\" src=\"https:\/\/sbam.io\/wp-content\/uploads\/2020\/03\/aurora-700x511.jpg\" alt=\"\" class=\"wp-image-716\" srcset=\"https:\/\/sbam.io\/wp-content\/uploads\/2020\/03\/aurora-700x511.jpg 700w, https:\/\/sbam.io\/wp-content\/uploads\/2020\/03\/aurora-250x182.jpg 250w, https:\/\/sbam.io\/wp-content\/uploads\/2020\/03\/aurora-768x560.jpg 768w, https:\/\/sbam.io\/wp-content\/uploads\/2020\/03\/aurora-120x88.jpg 120w, https:\/\/sbam.io\/wp-content\/uploads\/2020\/03\/aurora.jpg 1430w\" sizes=\"auto, (max-width: 700px) 100vw, 700px\" \/><\/figure>\n\n\n\n<p><\/p>\n\n\t<\/div>\n\n<\/div>\n\n\n\n<p><\/p>\n\n<\/div>\n\n\n<div class=\"wp-bootstrap-blocks-container container-fluid mb-0 bg-products-salmon\">\n\t\n<div class=\"wp-bootstrap-blocks-container container mb-0\">\n\t\n\n<h2 class=\"has-text-align-center wp-block-heading\">Traccia i tuoi obiettivi di marketing<\/h2>\n\n\n\n<p class=\"has-text-align-center h5\">Progetta la tua strategia, analizza i progressi e migliora le performance<\/p>\n\n\n\n<div class=\"wp-block-getwid-advanced-spacer getwid-hide-mobile\" style=\"height:50px\" aria-hidden=\"true\"><\/div>\n\n\n<div class=\"wp-bootstrap-blocks-row row products-claim\">\n\t\n\n<div class=\"col-12 col-sm-12 col-md-12 col-lg-12 col-xl-12 position-relative\">\n\t\t\t\n\n<div class=\"wp-block-image d-none d-xl-block left is-style-default\"><figure class=\"aligncenter size-large is-resized\"><img loading=\"lazy\" decoding=\"async\" src=\"https:\/\/sbam.io\/wp-content\/themes\/sbam\/assets\/img\/climb.jpg\" alt=\"\" width=\"234\" height=\"234\"\/><\/figure><\/div>\n\n\n\n<div class=\"wp-block-image img-fluid my-5\"><figure class=\"aligncenter size-large is-resized\"><img loading=\"lazy\" decoding=\"async\" src=\"https:\/\/sbam.io\/wp-content\/themes\/sbam\/assets\/img\/sbam-app-imac.png\" alt=\"\" width=\"800\" height=\"515\"\/><\/figure><\/div>\n\n\n\n<div class=\"wp-block-image d-none d-xl-block right is-style-default\"><figure class=\"aligncenter size-large is-resized\"><img loading=\"lazy\" decoding=\"async\" src=\"https:\/\/sbam.io\/wp-content\/themes\/sbam\/assets\/img\/sprouts.jpg\" alt=\"\" width=\"234\" height=\"234\"\/><\/figure><\/div>\n\n\n\n<p><\/p>\n\n\t<\/div>\n\n<\/div>\n\n<\/div>\n\n\n\n<p><\/p>\n\n<\/div>\n<\/div><\/div><\/div><\/div><\/div>\n\n\n\n<div class=\"wp-block-getwid-section getwid-section-content-full-width\"><div class=\"wp-block-getwid-section__wrapper\"><div class=\"wp-block-getwid-section__inner-wrapper\"><div class=\"wp-block-getwid-section__background-holder\"><div class=\"wp-block-getwid-section__background\"><\/div><div class=\"wp-block-getwid-section__foreground\"><\/div><\/div><div class=\"wp-block-getwid-section__content\"><div class=\"wp-block-getwid-section__inner-content\"><div class=\"wp-bootstrap-blocks-container container mb-5\">\n\t\n\n<div class=\"wp-block-getwid-advanced-spacer getwid-hide-desktop getwid-hide-mobile\" style=\"height:80px\" aria-hidden=\"true\"><\/div>\n\n<\/div>\n\n\n<div class=\"wp-bootstrap-blocks-container container mb-5\">\n\t\n<div class=\"wp-bootstrap-blocks-row row justify-content-start align-items-start\">\n\t\n\n<div class=\"col-12 col-md-6\">\n\t\t\t\n\n<figure class=\"wp-block-image size-large is-resized icon-metrics-brand\"><img loading=\"lazy\" decoding=\"async\" src=\"https:\/\/sbam.io\/wp-content\/themes\/sbam\/assets\/svg\/brand.svg\" alt=\"\" width=\"160\" height=\"101\"\/><\/figure>\n\n\n\n<h5 class=\"text-goals text-uppercase\">Scegli il tuo obiettivo\n<\/h5>\n\n\n\n<p>Far crescere la tua community o fidelizzare i tuoi attuali clienti?<\/p>\n<p>Trova gli indicatori pi\u00f9 adatti per i processi di marketing che vuoi migliorare, e concentrati sulle azioni che ti permetteranno di raggiungere la tua meta.\n<\/p>\n<p> Seleziona il tuo prossimo obiettivo:<\/p>\n<ol class=\"mb-0\">\n                    <li>Conoscenza del brand<\/li>\n                    <li>Interazione con il pubblico<\/li>\n                    <li>Conversione in clienti\n\n\n<\/li>\n                <\/ol>\n\n\n\n<a href=\"https:\/\/app.sbam.io\/register\" class=\"btn btn-outline-goals mt-3\">\n                    Monitora le interazioni <br>sul tuo profilo                <\/a>\n\n\t<\/div>\n\n\n\n<div class=\"col-12 col-md-6\">\n\t\t\t\n<div class=\"wp-block-image aligncenter w-50 rounded border\">\n<figure class=\"size-large\"><img loading=\"lazy\" decoding=\"async\" width=\"400\" height=\"711\" src=\"https:\/\/sbam.io\/wp-content\/uploads\/2021\/02\/sbam-goals-list.png\" alt=\"\" class=\"wp-image-1296\" srcset=\"https:\/\/sbam.io\/wp-content\/uploads\/2021\/02\/sbam-goals-list.png 400w, https:\/\/sbam.io\/wp-content\/uploads\/2021\/02\/sbam-goals-list-250x444.png 250w, https:\/\/sbam.io\/wp-content\/uploads\/2021\/02\/sbam-goals-list-120x213.png 120w\" sizes=\"auto, (max-width: 400px) 100vw, 400px\" \/><\/figure><\/div>\n\t<\/div>\n\n<\/div>\n\n\n\n<div class=\"wp-block-getwid-advanced-spacer getwid-hide-tablet getwid-hide-mobile\" style=\"height:100px\" aria-hidden=\"true\"><\/div>\n\n<\/div>\n\n\n<div class=\"wp-bootstrap-blocks-container container mb-5\">\n\t\n<div class=\"wp-bootstrap-blocks-row row flex-column-reverse flex-lg-row align-items-center\">\n\t\n\n<div class=\"col-12 col-lg-6\">\n\t\t\t\n<div class=\"wp-block-image aligncenter w-50 rounded border\">\n<figure class=\"size-large\"><img loading=\"lazy\" decoding=\"async\" width=\"400\" height=\"711\" src=\"https:\/\/sbam.io\/wp-content\/uploads\/2021\/02\/sbam-goals-start.png\" alt=\"\" class=\"wp-image-1298\" srcset=\"https:\/\/sbam.io\/wp-content\/uploads\/2021\/02\/sbam-goals-start.png 400w, https:\/\/sbam.io\/wp-content\/uploads\/2021\/02\/sbam-goals-start-250x444.png 250w, https:\/\/sbam.io\/wp-content\/uploads\/2021\/02\/sbam-goals-start-120x213.png 120w\" sizes=\"auto, (max-width: 400px) 100vw, 400px\" \/><\/figure><\/div>\n\t<\/div>\n\n\n\n<div class=\"col-12 col-lg-6 mb-5 position-relative\">\n\t\t\t\n\n<h5 class=\"text-goals text-uppercase\">LA TUA COMUNICAZIONE DIVENTA UN\u2019ARMA\n<\/h5>\n\n\n\n<p>Scegli il tipo di contenuto che vuoi monitorare, e definisci un KPI raggiungibile.<\/p>\n<p>\nSbam verificher\u00e0 i tuoi progressi, suggerendoti come migliorare le tue performance attuali.<\/p>\n\n\n\n<figure class=\"wp-block-image size-large is-resized icon-metrics-audience\"><img loading=\"lazy\" decoding=\"async\" src=\"https:\/\/sbam.io\/wp-content\/themes\/sbam\/assets\/svg\/audience.svg\" alt=\"\" width=\"160\" height=\"110\"\/><\/figure>\n\n\t<\/div>\n\n<\/div>\n\n<\/div>\n\n\n\n<div class=\"wp-block-getwid-advanced-spacer getwid-hide-desktop getwid-hide-mobile\" style=\"height:80px\" aria-hidden=\"true\"><\/div>\n\n\n<div class=\"wp-bootstrap-blocks-container container mb-5\">\n\t\n<div class=\"wp-bootstrap-blocks-row row align-items-center\">\n\t\n\n<div class=\"col-12 col-lg-6 mb-5 position-relative\">\n\t\t\t\n\n<h5 class=\"text-goals text-uppercase\">TIENI I TUOI DATI SEMPRE AGGIORNATI<\/h5>\n\n\n\n<p>Ottieni una panoramica giornaliera delle attivit\u00e0 del tuo brand, stop al reporting di fine mese.\n<\/p>\n<p>Completa sempre pi\u00f9 obiettivi di marketing e ottimizza le tue attivit\u00e0!<\/p>\n\n\n\n<a href=\"https:\/\/app.sbam.io\/register\" class=\"btn btn-outline-goals\">\n                    Migliora il tuo <br>tasso di conversione                <\/a>\n\n\n\n<figure class=\"wp-block-image size-large is-resized icon-metrics-content\"><img loading=\"lazy\" decoding=\"async\" src=\"https:\/\/sbam.io\/wp-content\/themes\/sbam\/assets\/svg\/content.svg\" alt=\"\" width=\"160\" height=\"153\"\/><\/figure>\n\n\t<\/div>\n\n\n\n<div class=\"col-12 col-lg-6\">\n\t\t\t\n<div class=\"wp-block-image aligncenter w-50 rounded border\">\n<figure class=\"size-large\"><img loading=\"lazy\" decoding=\"async\" width=\"420\" height=\"741\" src=\"https:\/\/sbam.io\/wp-content\/uploads\/2021\/02\/sbam-goals-progress.png\" alt=\"\" class=\"wp-image-1300\" srcset=\"https:\/\/sbam.io\/wp-content\/uploads\/2021\/02\/sbam-goals-progress.png 420w, https:\/\/sbam.io\/wp-content\/uploads\/2021\/02\/sbam-goals-progress-250x441.png 250w, https:\/\/sbam.io\/wp-content\/uploads\/2021\/02\/sbam-goals-progress-120x212.png 120w\" sizes=\"auto, (max-width: 420px) 100vw, 420px\" \/><\/figure><\/div>\n\t<\/div>\n\n<\/div>\n\n<\/div>\n\n\n\n<div class=\"wp-block-getwid-advanced-spacer getwid-hide-mobile\" style=\"height:50px\" aria-hidden=\"true\"><\/div>\n<\/div><\/div><\/div><\/div><\/div>\n\n\n<div class=\"wp-bootstrap-blocks-container container-fluid mb-0 bg-quote-primary\">\n\t\n<div class=\"wp-bootstrap-blocks-container container mb-0\">\n\t\n\n<div class=\"wp-block-getwid-advanced-spacer getwid-hide-tablet getwid-hide-mobile\" style=\"height:100px\" aria-hidden=\"true\"><\/div>\n\n\n\n<div class=\"wp-block-getwid-advanced-spacer getwid-hide-desktop\" style=\"height:30px\" aria-hidden=\"true\"><\/div>\n\n\n<div class=\"wp-bootstrap-blocks-row row g-0\">\n\t\n\n<div class=\"col-12 col-sm-12 col-md-12 col-lg-6 col-xl-6 position-relative\">\n\t\t\t\n\n<p class=\"h1 has-white-color has-text-color py-4 text-center text-xl-start\">Sfoga la tua creativit\u00e0, senza preoccuparti del resto<\/p>\n\n\n\n<figure class=\"wp-block-image size-large is-resized d-none d-sm-block pricing-triangle-cta-green\"><img loading=\"lazy\" decoding=\"async\" src=\"https:\/\/sbam.io\/wp-content\/themes\/sbam\/assets\/svg\/triangle-cta-green.svg\" alt=\"\" width=\"160\" height=\"149\"\/><\/figure>\n\n\n\n<figure class=\"wp-block-image size-large is-resized d-none d-sm-block pricing-triangle-cta-cyan\"><img loading=\"lazy\" decoding=\"async\" src=\"https:\/\/sbam.io\/wp-content\/themes\/sbam\/assets\/svg\/triangle-cta-cyan.svg\" alt=\"\" width=\"160\" height=\"149\"\/><\/figure>\n\n\t<\/div>\n\n\n\n<div class=\"col-12 col-sm-12 col-md-12 col-lg-6 col-xl-6 d-flex justify-content-center align-items-center text-center mt-xl-0\">\n\t\t\t\n<div class=\"wp-bootstrap-blocks-container container mb-2\">\n\t\n<div class=\"wp-bootstrap-blocks-button text-center\">\n\t<a\n\t\thref=\"https:\/\/app.sbam.io\/register\"\n\t\t\t\t\t\tclass=\"btn btn-lg mb-2 btn-primary\"\n\t>\n\t\tInizia subito i tuoi 30 giorni di prova\t<\/a>\n<\/div>\n\n\n\n<p class=\"has-white-color has-text-color\">Ottimizza il tuo tempo fin da subito<\/p>\n\n\n\n<p><\/p>\n\n<\/div>\n\n\t<\/div>\n\n<\/div>\n\n\n\n<div class=\"wp-block-getwid-advanced-spacer getwid-hide-tablet getwid-hide-mobile\" style=\"height:100px\" aria-hidden=\"true\"><\/div>\n\n\n\n<div class=\"wp-block-getwid-advanced-spacer getwid-hide-desktop\" style=\"height:30px\" aria-hidden=\"true\"><\/div>\n\n<\/div>\n\n<\/div>\n\n\n\n<div class=\"container bg-features\">\n    <section class=\"row padded-section\">\n        <div class=\"col-12\">\n            <div class=\"row justify-content-center mt-lg-5\">\n                <div class=\"col-lg-4 mt-4 mt-xl-0\">\n                    <div class=\"card card-content shadow-lg px-5 py-3 w-100 h-100\">\n                        <div class=\"card-body pl-4 pr-2\">\n                            <h5 class=\"card-title mt-1 mb-4\">Contenuti<\/h5>\n                            <p>\n                                Verifica le performance dei tuoi post ed integra l\u2019analisi del contenuto nella tua strategia.                              <\/p>\n                            <a href=\"https:\/\/sbam.io\/it\/contenuti\/\">\n                                Scopri di pi\u00f9 <i class=\"fas fa-angle-right\"><\/i>\n                            <\/a>\n                        <\/div>\n                    <\/div>\n                <\/div>\n                <div class=\"col-lg-4 mt-4 mt-xl-0\">\n                    <div class=\"card card-report shadow-lg px-5 py-3 w-100 h-100\">\n                        <div class=\"card-body pl-4 pr-2\">\n                            <h5 class=\"card-title mt-1 mb-4\">Report<\/h5>\n                            <p>\n                                Crea report in pochi secondi: seleziona e personalizza i dati da visualizzare e condividi.<\/p>\n                            <a href=\"https:\/\/sbam.io\/it\/report\/\">\n                                Scopri di pi\u00f9 <i class=\"fas fa-angle-right\"><\/i>\n                            <\/a>\n                        <\/div>\n                    <\/div>\n                <\/div>\n                <div class=\"col-lg-4 mt-4 mt-xl-0\">\n                    <div class=\"card card-metrics shadow-lg px-5 py-3 w-100 h-100\">\n                        <div class=\"card-body pl-4 pr-2\">\n                            <h5 class=\"card-title mt-1 mb-4\">Statistiche<\/h5>\n                            <p>\n                                Analizza il tuo brand in maniera completa ed organizzata attraverso dati e grafici.                                <\/p>\n                            <a href=\"https:\/\/sbam.io\/it\/statistiche\/\">\n                                Scopri di pi\u00f9 <i class=\"fas fa-angle-right\"><\/i>\n                            <\/a>\n                        <\/div>\n                    <\/div>\n                <\/div>\n\n            <\/div>\n        <\/div>\n    <\/section>\n<\/div>\n<!-- AddThis Advanced Settings generic via filter on the_content --><!-- AddThis Share Buttons generic via filter on the_content -->","protected":false},"excerpt":{"rendered":"Contenuti Verifica le performance dei tuoi post ed integra l\u2019analisi del contenuto nella tua strategia. Scopri di pi\u00f9 Report Crea report in pochi secondi: seleziona e personalizza i dati da visualizzare e condividi. Scopri di pi\u00f9 Statistiche Analizza il tuo brand in maniera completa ed organizzata attraverso dati e grafici. Scopri di pi\u00f9","protected":false},"author":2,"featured_media":0,"parent":0,"menu_order":0,"comment_status":"closed","ping_status":"closed","template":"template-fullscreen-notitle.php","meta":{"_eb_attr":"","footnotes":""},"class_list":["post-1292","page","type-page","status-publish","hentry"],"yoast_head":"<!-- This site is optimized with the Yoast SEO plugin v25.6 - https:\/\/yoast.com\/wordpress\/plugins\/seo\/ -->\n<title>Sbam.io Obiettivi | Definisci e monitora gli obiettivi di marketing<\/title>\n<meta name=\"description\" content=\"Migliora la tua strategia un obiettivo alla volta: inserisci i tuoi obiettivi di marketing, Sbam accorcia le distanze dal tuo traguardo.\" \/>\n<meta name=\"robots\" content=\"index, follow, max-snippet:-1, max-image-preview:large, max-video-preview:-1\" \/>\n<link rel=\"canonical\" href=\"https:\/\/sbam.io\/it\/obiettivi\/\" \/>\n<meta property=\"og:locale\" content=\"it_IT\" \/>\n<meta property=\"og:type\" content=\"article\" \/>\n<meta property=\"og:title\" content=\"Sbam.io Obiettivi | Definisci e monitora gli obiettivi di marketing\" \/>\n<meta property=\"og:description\" content=\"Migliora la tua strategia un obiettivo alla volta: inserisci i tuoi obiettivi di marketing, Sbam accorcia le distanze dal tuo traguardo.\" \/>\n<meta property=\"og:url\" content=\"https:\/\/sbam.io\/it\/obiettivi\/\" \/>\n<meta property=\"og:site_name\" content=\"Sbam\" \/>\n<meta property=\"article:modified_time\" content=\"2021-12-06T20:21:44+00:00\" \/>\n<meta property=\"og:image\" content=\"https:\/\/sbam.io\/wp-content\/uploads\/2021\/02\/icona_obiettivi.png\" \/>\n<meta name=\"twitter:card\" content=\"summary_large_image\" \/>\n<meta name=\"twitter:label1\" content=\"Est. reading time\" \/>\n\t<meta name=\"twitter:data1\" content=\"4 minutes\" \/>\n<script type=\"application\/ld+json\" class=\"yoast-schema-graph\">{\"@context\":\"https:\/\/schema.org\",\"@graph\":[{\"@type\":\"WebPage\",\"@id\":\"https:\/\/sbam.io\/it\/obiettivi\/\",\"url\":\"https:\/\/sbam.io\/it\/obiettivi\/\",\"name\":\"Sbam.io Obiettivi | Definisci e monitora gli obiettivi di marketing\",\"isPartOf\":{\"@id\":\"https:\/\/sbam.io\/it\/#website\"},\"primaryImageOfPage\":{\"@id\":\"https:\/\/sbam.io\/it\/obiettivi\/#primaryimage\"},\"image\":{\"@id\":\"https:\/\/sbam.io\/it\/obiettivi\/#primaryimage\"},\"thumbnailUrl\":\"https:\/\/sbam.io\/wp-content\/uploads\/2021\/02\/icona_obiettivi.png\",\"datePublished\":\"2021-02-22T19:13:28+00:00\",\"dateModified\":\"2021-12-06T20:21:44+00:00\",\"description\":\"Migliora la tua strategia un obiettivo alla volta: inserisci i tuoi obiettivi di marketing, Sbam accorcia le distanze dal tuo traguardo.\",\"breadcrumb\":{\"@id\":\"https:\/\/sbam.io\/it\/obiettivi\/#breadcrumb\"},\"inLanguage\":\"it\",\"potentialAction\":[{\"@type\":\"ReadAction\",\"target\":[\"https:\/\/sbam.io\/it\/obiettivi\/\"]}]},{\"@type\":\"ImageObject\",\"inLanguage\":\"it\",\"@id\":\"https:\/\/sbam.io\/it\/obiettivi\/#primaryimage\",\"url\":\"https:\/\/sbam.io\/wp-content\/uploads\/2021\/02\/icona_obiettivi.png\",\"contentUrl\":\"https:\/\/sbam.io\/wp-content\/uploads\/2021\/02\/icona_obiettivi.png\"},{\"@type\":\"BreadcrumbList\",\"@id\":\"https:\/\/sbam.io\/it\/obiettivi\/#breadcrumb\",\"itemListElement\":[{\"@type\":\"ListItem\",\"position\":1,\"name\":\"Home\",\"item\":\"https:\/\/sbam.io\/it\/\"},{\"@type\":\"ListItem\",\"position\":2,\"name\":\"Obiettivi\"}]},{\"@type\":\"WebSite\",\"@id\":\"https:\/\/sbam.io\/it\/#website\",\"url\":\"https:\/\/sbam.io\/it\/\",\"name\":\"Sbam\",\"description\":\"Data management platform\",\"publisher\":{\"@id\":\"https:\/\/sbam.io\/it\/#organization\"},\"potentialAction\":[{\"@type\":\"SearchAction\",\"target\":{\"@type\":\"EntryPoint\",\"urlTemplate\":\"https:\/\/sbam.io\/it\/?s={search_term_string}\"},\"query-input\":{\"@type\":\"PropertyValueSpecification\",\"valueRequired\":true,\"valueName\":\"search_term_string\"}}],\"inLanguage\":\"it\"},{\"@type\":\"Organization\",\"@id\":\"https:\/\/sbam.io\/it\/#organization\",\"name\":\"Sbam - Piattaforma di gestione dati\",\"url\":\"https:\/\/sbam.io\/it\/\",\"logo\":{\"@type\":\"ImageObject\",\"inLanguage\":\"it\",\"@id\":\"https:\/\/sbam.io\/it\/#\/schema\/logo\/image\/\",\"url\":\"https:\/\/sbam.io\/wp-content\/uploads\/2019\/04\/LOGO_colore.png\",\"contentUrl\":\"https:\/\/sbam.io\/wp-content\/uploads\/2019\/04\/LOGO_colore.png\",\"width\":3136,\"height\":536,\"caption\":\"Sbam - Piattaforma di gestione dati\"},\"image\":{\"@id\":\"https:\/\/sbam.io\/it\/#\/schema\/logo\/image\/\"}}]}<\/script>\n<!-- \/ Yoast SEO plugin. -->","yoast_head_json":{"title":"Sbam.io Obiettivi | Definisci e monitora gli obiettivi di marketing","description":"Migliora la tua strategia un obiettivo alla volta: inserisci i tuoi obiettivi di marketing, Sbam accorcia le distanze dal tuo traguardo.","robots":{"index":"index","follow":"follow","max-snippet":"max-snippet:-1","max-image-preview":"max-image-preview:large","max-video-preview":"max-video-preview:-1"},"canonical":"https:\/\/sbam.io\/it\/obiettivi\/","og_locale":"it_IT","og_type":"article","og_title":"Sbam.io Obiettivi | Definisci e monitora gli obiettivi di marketing","og_description":"Migliora la tua strategia un obiettivo alla volta: inserisci i tuoi obiettivi di marketing, Sbam accorcia le distanze dal tuo traguardo.","og_url":"https:\/\/sbam.io\/it\/obiettivi\/","og_site_name":"Sbam","article_modified_time":"2021-12-06T20:21:44+00:00","og_image":[{"url":"https:\/\/sbam.io\/wp-content\/uploads\/2021\/02\/icona_obiettivi.png","type":"","width":"","height":""}],"twitter_card":"summary_large_image","twitter_misc":{"Est. reading time":"4 minutes"},"schema":{"@context":"https:\/\/schema.org","@graph":[{"@type":"WebPage","@id":"https:\/\/sbam.io\/it\/obiettivi\/","url":"https:\/\/sbam.io\/it\/obiettivi\/","name":"Sbam.io Obiettivi | Definisci e monitora gli obiettivi di marketing","isPartOf":{"@id":"https:\/\/sbam.io\/it\/#website"},"primaryImageOfPage":{"@id":"https:\/\/sbam.io\/it\/obiettivi\/#primaryimage"},"image":{"@id":"https:\/\/sbam.io\/it\/obiettivi\/#primaryimage"},"thumbnailUrl":"https:\/\/sbam.io\/wp-content\/uploads\/2021\/02\/icona_obiettivi.png","datePublished":"2021-02-22T19:13:28+00:00","dateModified":"2021-12-06T20:21:44+00:00","description":"Migliora la tua strategia un obiettivo alla volta: inserisci i tuoi obiettivi di marketing, Sbam accorcia le distanze dal tuo traguardo.","breadcrumb":{"@id":"https:\/\/sbam.io\/it\/obiettivi\/#breadcrumb"},"inLanguage":"it","potentialAction":[{"@type":"ReadAction","target":["https:\/\/sbam.io\/it\/obiettivi\/"]}]},{"@type":"ImageObject","inLanguage":"it","@id":"https:\/\/sbam.io\/it\/obiettivi\/#primaryimage","url":"https:\/\/sbam.io\/wp-content\/uploads\/2021\/02\/icona_obiettivi.png","contentUrl":"https:\/\/sbam.io\/wp-content\/uploads\/2021\/02\/icona_obiettivi.png"},{"@type":"BreadcrumbList","@id":"https:\/\/sbam.io\/it\/obiettivi\/#breadcrumb","itemListElement":[{"@type":"ListItem","position":1,"name":"Home","item":"https:\/\/sbam.io\/it\/"},{"@type":"ListItem","position":2,"name":"Obiettivi"}]},{"@type":"WebSite","@id":"https:\/\/sbam.io\/it\/#website","url":"https:\/\/sbam.io\/it\/","name":"Sbam","description":"Data management platform","publisher":{"@id":"https:\/\/sbam.io\/it\/#organization"},"potentialAction":[{"@type":"SearchAction","target":{"@type":"EntryPoint","urlTemplate":"https:\/\/sbam.io\/it\/?s={search_term_string}"},"query-input":{"@type":"PropertyValueSpecification","valueRequired":true,"valueName":"search_term_string"}}],"inLanguage":"it"},{"@type":"Organization","@id":"https:\/\/sbam.io\/it\/#organization","name":"Sbam - Piattaforma di gestione dati","url":"https:\/\/sbam.io\/it\/","logo":{"@type":"ImageObject","inLanguage":"it","@id":"https:\/\/sbam.io\/it\/#\/schema\/logo\/image\/","url":"https:\/\/sbam.io\/wp-content\/uploads\/2019\/04\/LOGO_colore.png","contentUrl":"https:\/\/sbam.io\/wp-content\/uploads\/2019\/04\/LOGO_colore.png","width":3136,"height":536,"caption":"Sbam - Piattaforma di gestione dati"},"image":{"@id":"https:\/\/sbam.io\/it\/#\/schema\/logo\/image\/"}}]}},"_links":{"self":[{"href":"https:\/\/sbam.io\/it\/wp-json\/wp\/v2\/pages\/1292","targetHints":{"allow":["GET"]}}],"collection":[{"href":"https:\/\/sbam.io\/it\/wp-json\/wp\/v2\/pages"}],"about":[{"href":"https:\/\/sbam.io\/it\/wp-json\/wp\/v2\/types\/page"}],"author":[{"embeddable":true,"href":"https:\/\/sbam.io\/it\/wp-json\/wp\/v2\/users\/2"}],"replies":[{"embeddable":true,"href":"https:\/\/sbam.io\/it\/wp-json\/wp\/v2\/comments?post=1292"}],"version-history":[{"count":19,"href":"https:\/\/sbam.io\/it\/wp-json\/wp\/v2\/pages\/1292\/revisions"}],"predecessor-version":[{"id":1811,"href":"https:\/\/sbam.io\/it\/wp-json\/wp\/v2\/pages\/1292\/revisions\/1811"}],"wp:attachment":[{"href":"https:\/\/sbam.io\/it\/wp-json\/wp\/v2\/media?parent=1292"}],"curies":[{"name":"wp","href":"https:\/\/api.w.org\/{rel}","templated":true}]}}