{"id":1107,"date":"2020-11-16T22:28:48","date_gmt":"2020-11-16T21:28:48","guid":{"rendered":"https:\/\/staging.sbam.io\/?page_id=1107"},"modified":"2023-06-15T01:00:38","modified_gmt":"2023-06-14T23:00:38","slug":"piccole-imprese","status":"publish","type":"page","link":"https:\/\/sbam.io\/it\/piccole-imprese\/","title":{"rendered":"Piccole imprese"},"content":{"rendered":"<div class=\"wp-bootstrap-blocks-container container mb-2 mt-4 mt-md-5\">\n\t\n<div class=\"wp-bootstrap-blocks-row row\">\n\t\n\n<div class=\"col-12 col-lg-6\">\n\t\t\t\n\n<div class=\"wp-block-getwid-advanced-heading\" style=\"margin-bottom:0px;margin-top:0px\"><span class=\"wp-block-getwid-advanced-heading__content\">Piccole imprese<\/span><\/div>\n\n\n\n<div class=\"wp-block-getwid-advanced-heading\" style=\"margin-bottom:30px;margin-top:10px\"><h1 class=\"wp-block-getwid-advanced-heading__content\">Analizzare la tua attivit\u00e0 sui social non \u00e8 mai stato cos\u00ec semplice<\/h1><\/div>\n\n\n\n<p>Continua a lavorare sulla tua comunicazione online, Sbam ti mostrer\u00e0 dove migliorare grazie a un\u2019analisi quotidiana dei tuoi account.<\/p>\n\n\n\n<div class=\"wp-block-group text-center text-lg-start mt-4 mb-5 my-lg-0\"><div class=\"wp-block-group__inner-container is-layout-flow wp-block-group-is-layout-flow\"><div class=\"wp-bootstrap-blocks-button\">\n\t<a\n\t\thref=\"https:\/\/app.sbam.io\/register?plan=company&#038;cycle=yearly\"\n\t\t\t\t\t\tclass=\"btn btn-primary\"\n\t>\n\t\tProva Sbam gratuitamente \t<\/a>\n<\/div>\n<\/div><\/div>\n\n\t<\/div>\n\n\n\n<div class=\"col-12 col-lg-6\">\n\t\t\t\n\n<figure class=\"wp-block-image size-large is-style-default\"><img decoding=\"async\" src=\"https:\/\/sbam.io\/wp-content\/uploads\/2020\/11\/3156619-700x422.png\" alt=\"\" class=\"wp-image-882\"\/><\/figure>\n\n\t<\/div>\n\n<\/div>\n\n\n<div class=\"wp-bootstrap-blocks-row row mb-0 mb-lg-3\">\n\t\n\n<div class=\"col-12\">\n\t\t\t\n\n<div class=\"wp-block-getwid-advanced-spacer\" style=\"height:50px\" aria-hidden=\"true\"><\/div>\n\n\n\n<h3 class=\"has-text-align-center wp-block-heading\">La strategia di data-driven marketing per piccole imprese<\/h3>\n\n\n\n<p class=\"has-text-align-center has-normal-font-size\">Ottimizza la tua attivit\u00e0 online applicando la metodologia data-driven usata dalle grandi aziende.<\/p>\n\n\t<\/div>\n\n<\/div>\n\n\n<div class=\"wp-bootstrap-blocks-row row\">\n\t\n\n<div class=\"col-12 col-lg-6 order-2 order-lg-1\">\n\t\t\t\n\n<h5 class=\"has-cyan-bluish-gray-color has-text-color wp-block-heading\">Traccia e misura<\/h5>\n\n\n\n<p class=\"has-normal-font-size\">Accedi ai grafici e alle statistiche della tua attivit\u00e0 sui social media e migliora la tua strategia un obiettivo alla volta.<\/p>\n\n\n\n<div class=\"wp-block-getwid-advanced-spacer\" style=\"height:20px\" aria-hidden=\"true\"><\/div>\n\n\n\n<h5 class=\"has-cyan-bluish-gray-color has-text-color wp-block-heading\">Studia il tuo pubblico<\/h5>\n\n\n\n<p class=\"has-normal-font-size\">Fai ricerche di mercato sul tuo pubblico, analizza le loro caratteristiche demografiche e scopri come interagiscono con i tuoi contenuti e costruisci il profilo dei tuoi potenziali clienti.<\/p>\n\n\n\n<div class=\"wp-block-getwid-advanced-spacer\" style=\"height:20px\" aria-hidden=\"true\"><\/div>\n\n\n\n<h5 class=\"has-cyan-bluish-gray-color has-text-color wp-block-heading\">Analizza i contenuti&nbsp;<\/h5>\n\n\n\n<p>Pubblica contenuti coerenti con i valori della tua impresa e raggiungi gli utenti giusti.<br>Individua i contenuti migliori e imposta una strategia che tenga conto dei gusti e delle azioni di chi ti segue.<\/p>\n\n\n\n<div class=\"wp-block-getwid-advanced-spacer\" style=\"height:20px\" aria-hidden=\"true\"><\/div>\n\n\n\n<h5 class=\"has-cyan-bluish-gray-color has-text-color wp-block-heading\">Genera traffico sul tuo sito<\/h5>\n\n\n\n<p class=\"has-normal-font-size\">Uno dei primi obiettivi delle aziende \u00e8 quello di vendere un prodotto o un servizio. Stabilisci il numero di utenti da portare sul tuo sito web e monitora l\u2019evoluzione del tuo obiettivo giorno dopo giorno.<\/p>\n\n\n\n<p><\/p>\n\n\t<\/div>\n\n\n\n<div class=\"col-12 col-lg-6 order-1 order-lg-2\">\n\t\t\t\n\n<div class=\"wp-block-getwid-images-slider has-arrows-none has-dots-none has-images-center has-cropped-images\"><div class=\"wp-block-getwid-images-slider__wrapper\" data-effect=\"fade\" data-slides-show=\"1\" data-slides-show-laptop=\"1\" data-slides-show-tablet=\"1\" data-slides-show-mobile=\"1\" data-slides-scroll=\"1\" data-autoplay=\"true\" data-autoplay-speed=\"4000\" data-infinite=\"true\" data-animation-speed=\"800\" data-center-mode=\"true\" data-variable-width=\"false\" data-arrows=\"none\" data-dots=\"none\" data-spacing=\"none\"><div class=\"wp-block-getwid-images-slider__item\"><figure><img loading=\"lazy\" decoding=\"async\" width=\"5000\" height=\"3613\" src=\"https:\/\/sbam.io\/wp-content\/uploads\/2020\/11\/def1-2.png\" data-id=\"1013\" data-link=\"https:\/\/sbam.io\/it\/consulenti-di-marketing\/def1-3\/\" data-original-link=\"https:\/\/sbam.io\/wp-content\/uploads\/2020\/11\/def1-2.png\" class=\"wp-block-getwid-images-slider__image wp-image-1013\" srcset=\"https:\/\/sbam.io\/wp-content\/uploads\/2020\/11\/def1-2.png 5000w, https:\/\/sbam.io\/wp-content\/uploads\/2020\/11\/def1-2-250x181.png 250w, https:\/\/sbam.io\/wp-content\/uploads\/2020\/11\/def1-2-700x506.png 700w, https:\/\/sbam.io\/wp-content\/uploads\/2020\/11\/def1-2-768x555.png 768w, https:\/\/sbam.io\/wp-content\/uploads\/2020\/11\/def1-2-1536x1110.png 1536w, https:\/\/sbam.io\/wp-content\/uploads\/2020\/11\/def1-2-2048x1480.png 2048w, https:\/\/sbam.io\/wp-content\/uploads\/2020\/11\/def1-2-120x87.png 120w\" sizes=\"auto, (max-width: 5000px) 100vw, 5000px\" \/><\/figure><\/div><div class=\"wp-block-getwid-images-slider__item\"><figure><img decoding=\"async\" src=\"https:\/\/sbam.io\/wp-content\/uploads\/2020\/11\/2-4.png\" data-id=\"1064\" data-link=\"https:\/\/sbam.io\/it\/consulenti-di-marketing\/2-4\/\" data-original-link=\"https:\/\/sbam.io\/wp-content\/uploads\/2020\/11\/2-4.png\" class=\"wp-block-getwid-images-slider__image wp-image-1064\"\/><\/figure><\/div><div class=\"wp-block-getwid-images-slider__item\"><figure><img decoding=\"async\" src=\"https:\/\/sbam.io\/wp-content\/uploads\/2020\/11\/3-4.png\" data-id=\"1066\" data-link=\"https:\/\/sbam.io\/it\/consulenti-di-marketing\/3-4\/\" data-original-link=\"https:\/\/sbam.io\/wp-content\/uploads\/2020\/11\/3-4.png\" class=\"wp-block-getwid-images-slider__image wp-image-1066\"\/><\/figure><\/div><div class=\"wp-block-getwid-images-slider__item\"><figure><img decoding=\"async\" src=\"https:\/\/sbam.io\/wp-content\/uploads\/2020\/11\/4-3.png\" data-id=\"1068\" data-link=\"https:\/\/sbam.io\/it\/consulenti-di-marketing\/4-3\/\" data-original-link=\"https:\/\/sbam.io\/wp-content\/uploads\/2020\/11\/4-3.png\" class=\"wp-block-getwid-images-slider__image wp-image-1068\"\/><\/figure><\/div><div class=\"wp-block-getwid-images-slider__item\"><figure><img decoding=\"async\" src=\"https:\/\/sbam.io\/wp-content\/uploads\/2020\/11\/5-3.png\" data-id=\"1070\" data-link=\"https:\/\/sbam.io\/it\/consulenti-di-marketing\/5-3\/\" data-original-link=\"https:\/\/sbam.io\/wp-content\/uploads\/2020\/11\/5-3.png\" class=\"wp-block-getwid-images-slider__image wp-image-1070\"\/><\/figure><\/div><div class=\"wp-block-getwid-images-slider__item\"><figure><img decoding=\"async\" src=\"https:\/\/sbam.io\/wp-content\/uploads\/2020\/11\/6-3.png\" data-id=\"1072\" data-link=\"https:\/\/sbam.io\/it\/consulenti-di-marketing\/6-3\/\" data-original-link=\"https:\/\/sbam.io\/wp-content\/uploads\/2020\/11\/6-3.png\" class=\"wp-block-getwid-images-slider__image wp-image-1072\"\/><\/figure><\/div><div class=\"wp-block-getwid-images-slider__item\"><figure><img decoding=\"async\" src=\"https:\/\/sbam.io\/wp-content\/uploads\/2020\/11\/7-3.png\" data-id=\"1074\" data-link=\"https:\/\/sbam.io\/it\/consulenti-di-marketing\/7-3\/\" data-original-link=\"https:\/\/sbam.io\/wp-content\/uploads\/2020\/11\/7-3.png\" class=\"wp-block-getwid-images-slider__image wp-image-1074\"\/><\/figure><\/div><div class=\"wp-block-getwid-images-slider__item\"><figure><img decoding=\"async\" src=\"https:\/\/sbam.io\/wp-content\/uploads\/2020\/11\/8-3.png\" data-id=\"1076\" data-link=\"https:\/\/sbam.io\/it\/consulenti-di-marketing\/8-3\/\" data-original-link=\"https:\/\/sbam.io\/wp-content\/uploads\/2020\/11\/8-3.png\" class=\"wp-block-getwid-images-slider__image wp-image-1076\"\/><\/figure><\/div><div class=\"wp-block-getwid-images-slider__item\"><figure><img decoding=\"async\" src=\"https:\/\/sbam.io\/wp-content\/uploads\/2020\/11\/9-3.png\" data-id=\"1078\" data-link=\"https:\/\/sbam.io\/it\/consulenti-di-marketing\/9-3\/\" data-original-link=\"https:\/\/sbam.io\/wp-content\/uploads\/2020\/11\/9-3.png\" class=\"wp-block-getwid-images-slider__image wp-image-1078\"\/><\/figure><\/div><div class=\"wp-block-getwid-images-slider__item\"><figure><img decoding=\"async\" src=\"https:\/\/sbam.io\/wp-content\/uploads\/2020\/11\/10-3.png\" data-id=\"1080\" data-link=\"https:\/\/sbam.io\/it\/consulenti-di-marketing\/10-3\/\" data-original-link=\"https:\/\/sbam.io\/wp-content\/uploads\/2020\/11\/10-3.png\" class=\"wp-block-getwid-images-slider__image wp-image-1080\"\/><\/figure><\/div><div class=\"wp-block-getwid-images-slider__item\"><figure><img decoding=\"async\" src=\"https:\/\/sbam.io\/wp-content\/uploads\/2020\/11\/11-2.png\" data-id=\"1082\" data-link=\"https:\/\/sbam.io\/it\/consulenti-di-marketing\/11-2\/\" data-original-link=\"https:\/\/sbam.io\/wp-content\/uploads\/2020\/11\/11-2.png\" class=\"wp-block-getwid-images-slider__image wp-image-1082\"\/><\/figure><\/div><div class=\"wp-block-getwid-images-slider__item\"><figure><img decoding=\"async\" src=\"https:\/\/sbam.io\/wp-content\/uploads\/2020\/11\/12-2.png\" data-id=\"1084\" data-link=\"https:\/\/sbam.io\/it\/consulenti-di-marketing\/12-2\/\" data-original-link=\"https:\/\/sbam.io\/wp-content\/uploads\/2020\/11\/12-2.png\" class=\"wp-block-getwid-images-slider__image wp-image-1084\"\/><\/figure><\/div><div class=\"wp-block-getwid-images-slider__item\"><figure><img decoding=\"async\" src=\"https:\/\/sbam.io\/wp-content\/uploads\/2020\/11\/13-3.png\" data-id=\"1086\" data-link=\"https:\/\/sbam.io\/it\/consulenti-di-marketing\/13-3\/\" data-original-link=\"https:\/\/sbam.io\/wp-content\/uploads\/2020\/11\/13-3.png\" class=\"wp-block-getwid-images-slider__image wp-image-1086\"\/><\/figure><\/div><div class=\"wp-block-getwid-images-slider__item\"><figure><img decoding=\"async\" src=\"https:\/\/sbam.io\/wp-content\/uploads\/2020\/11\/14-2.png\" data-id=\"1088\" data-link=\"https:\/\/sbam.io\/it\/consulenti-di-marketing\/14-2\/\" data-original-link=\"https:\/\/sbam.io\/wp-content\/uploads\/2020\/11\/14-2.png\" class=\"wp-block-getwid-images-slider__image wp-image-1088\"\/><\/figure><\/div><div class=\"wp-block-getwid-images-slider__item\"><figure><img decoding=\"async\" src=\"https:\/\/sbam.io\/wp-content\/uploads\/2020\/11\/def1-3.png\" data-id=\"1090\" data-link=\"https:\/\/sbam.io\/it\/consulenti-di-marketing\/def1-4\/\" data-original-link=\"https:\/\/sbam.io\/wp-content\/uploads\/2020\/11\/def1-3.png\" class=\"wp-block-getwid-images-slider__image wp-image-1090\"\/><\/figure><\/div><\/div><\/div>\n\n\t<\/div>\n\n<\/div>\n\n<\/div>\n\n\n<div class=\"wp-bootstrap-blocks-container container-fluid mb-2 mt-5 py-5 bg-solutions-cta\">\n\t\n<div class=\"wp-bootstrap-blocks-row row\">\n\t\n\n<div class=\"col-12\">\n\t\t\t\n\n<h3 class=\"has-text-align-center has-white-color has-text-color has-large-font-size wp-block-heading\">Amplia le tue competenze<\/h3>\n\n\n<div class=\"wp-bootstrap-blocks-button text-center\">\n\t<a\n\t\thref=\"https:\/\/sbam.io\/it\/statistiche\/\"\n\t\t\t\t\t\tclass=\"btn mt-4 btn-primary\"\n\t>\n\t\tScopri Sbam Statistiche\t<\/a>\n<\/div>\n\n\t<\/div>\n\n<\/div>\n\n<\/div>\n\n\n<div class=\"wp-bootstrap-blocks-container container mb-2\">\n\t\n<div class=\"wp-bootstrap-blocks-row row py-5\">\n\t\n\n<div class=\"col-12 col-md-4\">\n\t\t\t\n\n<div class=\"wp-block-image\"><figure class=\"aligncenter size-large is-resized\"><img loading=\"lazy\" decoding=\"async\" src=\"https:\/\/sbam.io\/wp-content\/uploads\/2020\/11\/book.png\" alt=\"\" class=\"wp-image-927\" width=\"128\" height=\"128\"\/><\/figure><\/div>\n\n\n\n<p class=\"has-text-align-center\">Materiale formativo<\/p>\n\n\t<\/div>\n\n\n\n<div class=\"col-12 col-md-4\">\n\t\t\t\n\n<div class=\"wp-block-image\"><figure class=\"aligncenter size-large is-resized\"><img loading=\"lazy\" decoding=\"async\" src=\"https:\/\/sbam.io\/wp-content\/uploads\/2020\/11\/support.png\" alt=\"\" class=\"wp-image-929\" width=\"128\" height=\"128\"\/><\/figure><\/div>\n\n\n\n<p class=\"has-text-align-center\">Assistenza in chat e dal vivo<\/p>\n\n\t<\/div>\n\n\n\n<div class=\"col-12 col-md-4\">\n\t\t\t\n\n<div class=\"wp-block-image\"><figure class=\"aligncenter size-large is-resized\"><img loading=\"lazy\" decoding=\"async\" src=\"https:\/\/sbam.io\/wp-content\/uploads\/2020\/11\/user.png\" alt=\"\" class=\"wp-image-931\" width=\"128\" height=\"128\"\/><\/figure><\/div>\n\n\n\n<p class=\"has-text-align-center\">Gestisci pi\u00f9 account social<\/p>\n\n\t<\/div>\n\n<\/div>\n\n<\/div>\n\n\n\n<div class=\"wp-block-getwid-section getwid-section-content-full-width\"><div class=\"wp-block-getwid-section__wrapper\"><div class=\"wp-block-getwid-section__inner-wrapper\"><div class=\"wp-block-getwid-section__background-holder\"><div class=\"wp-block-getwid-section__background\"><\/div><div class=\"wp-block-getwid-section__foreground\"><\/div><\/div><div class=\"wp-block-getwid-section__content\"><div class=\"wp-block-getwid-section__inner-content\"><div class=\"wp-bootstrap-blocks-container container-fluid mb-2\">\n\t\n<div class=\"wp-bootstrap-blocks-container container mb-2 card bg-black shadow-lg text-white px-3 px-sm-5\">\n\t\n\n<div class=\"wp-block-getwid-advanced-spacer\" style=\"height:50px\" aria-hidden=\"true\"><\/div>\n\n\n<div class=\"wp-bootstrap-blocks-row row\">\n\t\n\n<div class=\"col-12\">\n\t\t\t\n\n<div class=\"wp-block-getwid-advanced-heading\"><h2 class=\"wp-block-getwid-advanced-heading__content\" style=\"text-align:center\">Hai ancora dubbi?<\/h2><\/div>\n\n\n\n<p class=\"has-text-align-center has-medium-font-size\">Dai uno sguardo a SBAM da vicino prenotando una demo della piattaforma con uno dei nostri consulenti.<\/p>\n\n\t<\/div>\n\n<\/div>\n\n\n\n<div class=\"wp-block-getwid-advanced-spacer\" style=\"height:20px\" aria-hidden=\"true\"><\/div>\n\n\n\n<div class=\"cta-holder d-grid gap-4\">\n                                        <a href=\"\/it\/richiedi-una-live-demo\" class=\"btn btn-content text-uppercase\">Richiedi una demo                             <\/a>\n<a href=\"\/it\/piani\" class=\"btn btn-outline-content\" style=\"background-color:#fff\">\n\t\t\t\t\t\t\t\t\t\t\tVai ai piani \u2794                                        <\/a>\n                                    <\/div>\n\n\n\n<div class=\"wp-block-getwid-advanced-spacer\" style=\"height:20px\" aria-hidden=\"true\"><\/div>\n\n\n\n<div class=\"wp-block-getwid-advanced-spacer\" style=\"height:50px\" aria-hidden=\"true\"><\/div>\n\n<\/div>\n\n<\/div>\n<\/div><\/div><\/div><\/div><\/div>\n<!-- AddThis Advanced Settings generic via filter on the_content --><!-- AddThis Share Buttons generic via filter on the_content -->","protected":false},"excerpt":{"rendered":"","protected":false},"author":2,"featured_media":0,"parent":0,"menu_order":0,"comment_status":"closed","ping_status":"closed","template":"template-fullscreen-notitle.php","meta":{"_eb_attr":"","footnotes":""},"class_list":["post-1107","page","type-page","status-publish","hentry"],"yoast_head":"<!-- This site is optimized with the Yoast SEO plugin v25.6 - https:\/\/yoast.com\/wordpress\/plugins\/seo\/ -->\n<title>Piccole imprese - Sbam - Piattaforma di gestione dati<\/title>\n<meta name=\"description\" content=\"Sbam \u00e8 una piattaforma di gestione dati che monitora le tue attivit\u00e0 di marketing e le rielabora in informazioni utili ad identificare problemi ed applicare le giuste soluzioni alla tua strategia digitale.\" \/>\n<meta name=\"robots\" content=\"index, follow, max-snippet:-1, max-image-preview:large, max-video-preview:-1\" \/>\n<link rel=\"canonical\" href=\"https:\/\/sbam.io\/it\/piccole-imprese\/\" \/>\n<meta property=\"og:locale\" content=\"it_IT\" \/>\n<meta property=\"og:type\" content=\"article\" \/>\n<meta property=\"og:title\" content=\"Piccole imprese - Sbam - Piattaforma di gestione dati\" \/>\n<meta property=\"og:description\" content=\"Sbam \u00e8 una piattaforma di gestione dati che monitora le tue attivit\u00e0 di marketing e le rielabora in informazioni utili ad identificare problemi ed applicare le giuste soluzioni alla tua strategia digitale.\" \/>\n<meta property=\"og:url\" content=\"https:\/\/sbam.io\/it\/piccole-imprese\/\" \/>\n<meta property=\"og:site_name\" content=\"Sbam\" \/>\n<meta property=\"article:modified_time\" content=\"2023-06-14T23:00:38+00:00\" \/>\n<meta property=\"og:image\" content=\"https:\/\/sbam.io\/wp-content\/uploads\/2020\/11\/3156619-700x422.png\" \/>\n<meta name=\"twitter:card\" content=\"summary_large_image\" \/>\n<meta name=\"twitter:label1\" content=\"Est. reading time\" \/>\n\t<meta name=\"twitter:data1\" content=\"5 minutes\" \/>\n<script type=\"application\/ld+json\" class=\"yoast-schema-graph\">{\"@context\":\"https:\/\/schema.org\",\"@graph\":[{\"@type\":\"WebPage\",\"@id\":\"https:\/\/sbam.io\/it\/piccole-imprese\/\",\"url\":\"https:\/\/sbam.io\/it\/piccole-imprese\/\",\"name\":\"Piccole imprese - Sbam - Piattaforma di gestione dati\",\"isPartOf\":{\"@id\":\"https:\/\/sbam.io\/it\/#website\"},\"primaryImageOfPage\":{\"@id\":\"https:\/\/sbam.io\/it\/piccole-imprese\/#primaryimage\"},\"image\":{\"@id\":\"https:\/\/sbam.io\/it\/piccole-imprese\/#primaryimage\"},\"thumbnailUrl\":\"https:\/\/sbam.io\/wp-content\/uploads\/2020\/11\/3156619-700x422.png\",\"datePublished\":\"2020-11-16T21:28:48+00:00\",\"dateModified\":\"2023-06-14T23:00:38+00:00\",\"description\":\"Sbam \u00e8 una piattaforma di gestione dati che monitora le tue attivit\u00e0 di marketing e le rielabora in informazioni utili ad identificare problemi ed applicare le giuste soluzioni alla tua strategia digitale.\",\"breadcrumb\":{\"@id\":\"https:\/\/sbam.io\/it\/piccole-imprese\/#breadcrumb\"},\"inLanguage\":\"it\",\"potentialAction\":[{\"@type\":\"ReadAction\",\"target\":[\"https:\/\/sbam.io\/it\/piccole-imprese\/\"]}]},{\"@type\":\"ImageObject\",\"inLanguage\":\"it\",\"@id\":\"https:\/\/sbam.io\/it\/piccole-imprese\/#primaryimage\",\"url\":\"https:\/\/sbam.io\/wp-content\/uploads\/2020\/11\/3156619-700x422.png\",\"contentUrl\":\"https:\/\/sbam.io\/wp-content\/uploads\/2020\/11\/3156619-700x422.png\"},{\"@type\":\"BreadcrumbList\",\"@id\":\"https:\/\/sbam.io\/it\/piccole-imprese\/#breadcrumb\",\"itemListElement\":[{\"@type\":\"ListItem\",\"position\":1,\"name\":\"Home\",\"item\":\"https:\/\/sbam.io\/it\/\"},{\"@type\":\"ListItem\",\"position\":2,\"name\":\"Piccole imprese\"}]},{\"@type\":\"WebSite\",\"@id\":\"https:\/\/sbam.io\/it\/#website\",\"url\":\"https:\/\/sbam.io\/it\/\",\"name\":\"Sbam\",\"description\":\"Data management platform\",\"publisher\":{\"@id\":\"https:\/\/sbam.io\/it\/#organization\"},\"potentialAction\":[{\"@type\":\"SearchAction\",\"target\":{\"@type\":\"EntryPoint\",\"urlTemplate\":\"https:\/\/sbam.io\/it\/?s={search_term_string}\"},\"query-input\":{\"@type\":\"PropertyValueSpecification\",\"valueRequired\":true,\"valueName\":\"search_term_string\"}}],\"inLanguage\":\"it\"},{\"@type\":\"Organization\",\"@id\":\"https:\/\/sbam.io\/it\/#organization\",\"name\":\"Sbam - Piattaforma di gestione dati\",\"url\":\"https:\/\/sbam.io\/it\/\",\"logo\":{\"@type\":\"ImageObject\",\"inLanguage\":\"it\",\"@id\":\"https:\/\/sbam.io\/it\/#\/schema\/logo\/image\/\",\"url\":\"https:\/\/sbam.io\/wp-content\/uploads\/2019\/04\/LOGO_colore.png\",\"contentUrl\":\"https:\/\/sbam.io\/wp-content\/uploads\/2019\/04\/LOGO_colore.png\",\"width\":3136,\"height\":536,\"caption\":\"Sbam - Piattaforma di gestione dati\"},\"image\":{\"@id\":\"https:\/\/sbam.io\/it\/#\/schema\/logo\/image\/\"}}]}<\/script>\n<!-- \/ Yoast SEO plugin. -->","yoast_head_json":{"title":"Piccole imprese - Sbam - Piattaforma di gestione dati","description":"Sbam \u00e8 una piattaforma di gestione dati che monitora le tue attivit\u00e0 di marketing e le rielabora in informazioni utili ad identificare problemi ed applicare le giuste soluzioni alla tua strategia digitale.","robots":{"index":"index","follow":"follow","max-snippet":"max-snippet:-1","max-image-preview":"max-image-preview:large","max-video-preview":"max-video-preview:-1"},"canonical":"https:\/\/sbam.io\/it\/piccole-imprese\/","og_locale":"it_IT","og_type":"article","og_title":"Piccole imprese - Sbam - Piattaforma di gestione dati","og_description":"Sbam \u00e8 una piattaforma di gestione dati che monitora le tue attivit\u00e0 di marketing e le rielabora in informazioni utili ad identificare problemi ed applicare le giuste soluzioni alla tua strategia digitale.","og_url":"https:\/\/sbam.io\/it\/piccole-imprese\/","og_site_name":"Sbam","article_modified_time":"2023-06-14T23:00:38+00:00","og_image":[{"url":"https:\/\/sbam.io\/wp-content\/uploads\/2020\/11\/3156619-700x422.png","type":"","width":"","height":""}],"twitter_card":"summary_large_image","twitter_misc":{"Est. reading time":"5 minutes"},"schema":{"@context":"https:\/\/schema.org","@graph":[{"@type":"WebPage","@id":"https:\/\/sbam.io\/it\/piccole-imprese\/","url":"https:\/\/sbam.io\/it\/piccole-imprese\/","name":"Piccole imprese - Sbam - Piattaforma di gestione dati","isPartOf":{"@id":"https:\/\/sbam.io\/it\/#website"},"primaryImageOfPage":{"@id":"https:\/\/sbam.io\/it\/piccole-imprese\/#primaryimage"},"image":{"@id":"https:\/\/sbam.io\/it\/piccole-imprese\/#primaryimage"},"thumbnailUrl":"https:\/\/sbam.io\/wp-content\/uploads\/2020\/11\/3156619-700x422.png","datePublished":"2020-11-16T21:28:48+00:00","dateModified":"2023-06-14T23:00:38+00:00","description":"Sbam \u00e8 una piattaforma di gestione dati che monitora le tue attivit\u00e0 di marketing e le rielabora in informazioni utili ad identificare problemi ed applicare le giuste soluzioni alla tua strategia digitale.","breadcrumb":{"@id":"https:\/\/sbam.io\/it\/piccole-imprese\/#breadcrumb"},"inLanguage":"it","potentialAction":[{"@type":"ReadAction","target":["https:\/\/sbam.io\/it\/piccole-imprese\/"]}]},{"@type":"ImageObject","inLanguage":"it","@id":"https:\/\/sbam.io\/it\/piccole-imprese\/#primaryimage","url":"https:\/\/sbam.io\/wp-content\/uploads\/2020\/11\/3156619-700x422.png","contentUrl":"https:\/\/sbam.io\/wp-content\/uploads\/2020\/11\/3156619-700x422.png"},{"@type":"BreadcrumbList","@id":"https:\/\/sbam.io\/it\/piccole-imprese\/#breadcrumb","itemListElement":[{"@type":"ListItem","position":1,"name":"Home","item":"https:\/\/sbam.io\/it\/"},{"@type":"ListItem","position":2,"name":"Piccole imprese"}]},{"@type":"WebSite","@id":"https:\/\/sbam.io\/it\/#website","url":"https:\/\/sbam.io\/it\/","name":"Sbam","description":"Data management platform","publisher":{"@id":"https:\/\/sbam.io\/it\/#organization"},"potentialAction":[{"@type":"SearchAction","target":{"@type":"EntryPoint","urlTemplate":"https:\/\/sbam.io\/it\/?s={search_term_string}"},"query-input":{"@type":"PropertyValueSpecification","valueRequired":true,"valueName":"search_term_string"}}],"inLanguage":"it"},{"@type":"Organization","@id":"https:\/\/sbam.io\/it\/#organization","name":"Sbam - Piattaforma di gestione dati","url":"https:\/\/sbam.io\/it\/","logo":{"@type":"ImageObject","inLanguage":"it","@id":"https:\/\/sbam.io\/it\/#\/schema\/logo\/image\/","url":"https:\/\/sbam.io\/wp-content\/uploads\/2019\/04\/LOGO_colore.png","contentUrl":"https:\/\/sbam.io\/wp-content\/uploads\/2019\/04\/LOGO_colore.png","width":3136,"height":536,"caption":"Sbam - Piattaforma di gestione dati"},"image":{"@id":"https:\/\/sbam.io\/it\/#\/schema\/logo\/image\/"}}]}},"_links":{"self":[{"href":"https:\/\/sbam.io\/it\/wp-json\/wp\/v2\/pages\/1107","targetHints":{"allow":["GET"]}}],"collection":[{"href":"https:\/\/sbam.io\/it\/wp-json\/wp\/v2\/pages"}],"about":[{"href":"https:\/\/sbam.io\/it\/wp-json\/wp\/v2\/types\/page"}],"author":[{"embeddable":true,"href":"https:\/\/sbam.io\/it\/wp-json\/wp\/v2\/users\/2"}],"replies":[{"embeddable":true,"href":"https:\/\/sbam.io\/it\/wp-json\/wp\/v2\/comments?post=1107"}],"version-history":[{"count":27,"href":"https:\/\/sbam.io\/it\/wp-json\/wp\/v2\/pages\/1107\/revisions"}],"predecessor-version":[{"id":2438,"href":"https:\/\/sbam.io\/it\/wp-json\/wp\/v2\/pages\/1107\/revisions\/2438"}],"wp:attachment":[{"href":"https:\/\/sbam.io\/it\/wp-json\/wp\/v2\/media?parent=1107"}],"curies":[{"name":"wp","href":"https:\/\/api.w.org\/{rel}","templated":true}]}}